{"id":15152,"date":"2021-11-26T14:07:32","date_gmt":"2021-11-26T17:07:32","guid":{"rendered":"https:\/\/gustavoassisceramicas.com.br\/?post_type=product&#038;p=15152"},"modified":"2023-12-04T17:59:55","modified_gmt":"2023-12-04T20:59:55","slug":"tigela-media-rasa-em-celadon","status":"publish","type":"product","link":"http:\/\/gustavoassisceramicas.com.br\/en\/product\/tigela-media-rasa-em-celadon\/","title":{"rendered":"Tigela m\u00e9dia rasa em Celadon"},"content":{"rendered":"","protected":false},"excerpt":{"rendered":"<p>Tigela M\u00e9dia em Celadon<\/p>\n<p>Tigela torneada \u00e0 m\u00e3o. Por causa de seu conte\u00fado maior de ferro, a argila utilizada tinge o esmalte aplicado, o celadon, com tonalidades que v\u00e3o desde o cinza esverdeado at\u00e9 o azul claro.<\/p>\n<p>Peso Aprox.: 380 gr.<br \/>\nTamanho Aprox.: 15,5 cm de di\u00e2metro x 9 cm de altura<\/p>","protected":false},"featured_media":15511,"comment_status":"open","ping_status":"closed","template":"","meta":[],"product_brand":[],"product_cat":[778,777,184,162],"product_tag":[192,173,191],"class_list":{"0":"post-15152","1":"product","2":"type-product","3":"status-publish","4":"has-post-thumbnail","6":"product_cat-celadon","7":"product_cat-colecoes","8":"product_cat-pratos","9":"product_cat-utilitarios","10":"product_tag-bowl","11":"product_tag-celadon","12":"product_tag-tigela","14":"first","15":"instock","16":"shipping-taxable","17":"product-type-simple"},"_links":{"self":[{"href":"http:\/\/gustavoassisceramicas.com.br\/en\/wp-json\/wp\/v2\/product\/15152","targetHints":{"allow":["GET"]}}],"collection":[{"href":"http:\/\/gustavoassisceramicas.com.br\/en\/wp-json\/wp\/v2\/product"}],"about":[{"href":"http:\/\/gustavoassisceramicas.com.br\/en\/wp-json\/wp\/v2\/types\/product"}],"replies":[{"embeddable":true,"href":"http:\/\/gustavoassisceramicas.com.br\/en\/wp-json\/wp\/v2\/comments?post=15152"}],"wp:featuredmedia":[{"embeddable":true,"href":"http:\/\/gustavoassisceramicas.com.br\/en\/wp-json\/wp\/v2\/media\/15511"}],"wp:attachment":[{"href":"http:\/\/gustavoassisceramicas.com.br\/en\/wp-json\/wp\/v2\/media?parent=15152"}],"wp:term":[{"taxonomy":"product_brand","embeddable":true,"href":"http:\/\/gustavoassisceramicas.com.br\/en\/wp-json\/wp\/v2\/product_brand?post=15152"},{"taxonomy":"product_cat","embeddable":true,"href":"http:\/\/gustavoassisceramicas.com.br\/en\/wp-json\/wp\/v2\/product_cat?post=15152"},{"taxonomy":"product_tag","embeddable":true,"href":"http:\/\/gustavoassisceramicas.com.br\/en\/wp-json\/wp\/v2\/product_tag?post=15152"}],"curies":[{"name":"wp","href":"https:\/\/api.w.org\/{rel}","templated":true}]}}