{"id":14920,"date":"2021-11-25T13:57:30","date_gmt":"2021-11-25T16:57:30","guid":{"rendered":"https:\/\/gustavoassisceramicas.com.br\/?post_type=product&#038;p=14920"},"modified":"2022-07-13T15:16:09","modified_gmt":"2022-07-13T18:16:09","slug":"canecas-de-cha-grande","status":"publish","type":"product","link":"http:\/\/gustavoassisceramicas.com.br\/en\/product\/canecas-de-cha-grande\/","title":{"rendered":"Canecas de ch\u00e1 grande"},"content":{"rendered":"","protected":false},"excerpt":{"rendered":"<p>Canecas de Ch\u00e1 grande<\/p>\n<p>Canecas de ch\u00e1 feitas no torno em argila faian\u00e7a e queimada \u00e0 1000 graus no forno \u00e0 g\u00e1s. N\u00e3o acompanha pratinho.<\/p>\n<p>Peso M\u00e9dio 300 gr<\/p>\n<p>Dimens\u00f5es M\u00e9dias:\u00a0 10 cm de di\u00e2metro x 10 cm de altura<\/p>","protected":false},"featured_media":14923,"comment_status":"open","ping_status":"closed","template":"","meta":[],"product_brand":[],"product_cat":[162,182],"product_tag":[171,448,262,169],"class_list":{"0":"post-14920","1":"product","2":"type-product","3":"status-publish","4":"has-post-thumbnail","6":"product_cat-utilitarios","7":"product_cat-xicaras-canecas-e-copos","8":"product_tag-cha","9":"product_tag-grande","10":"product_tag-verde","11":"product_tag-xicara","13":"first","14":"instock","15":"shipping-taxable","16":"product-type-variable"},"_links":{"self":[{"href":"http:\/\/gustavoassisceramicas.com.br\/en\/wp-json\/wp\/v2\/product\/14920","targetHints":{"allow":["GET"]}}],"collection":[{"href":"http:\/\/gustavoassisceramicas.com.br\/en\/wp-json\/wp\/v2\/product"}],"about":[{"href":"http:\/\/gustavoassisceramicas.com.br\/en\/wp-json\/wp\/v2\/types\/product"}],"replies":[{"embeddable":true,"href":"http:\/\/gustavoassisceramicas.com.br\/en\/wp-json\/wp\/v2\/comments?post=14920"}],"wp:featuredmedia":[{"embeddable":true,"href":"http:\/\/gustavoassisceramicas.com.br\/en\/wp-json\/wp\/v2\/media\/14923"}],"wp:attachment":[{"href":"http:\/\/gustavoassisceramicas.com.br\/en\/wp-json\/wp\/v2\/media?parent=14920"}],"wp:term":[{"taxonomy":"product_brand","embeddable":true,"href":"http:\/\/gustavoassisceramicas.com.br\/en\/wp-json\/wp\/v2\/product_brand?post=14920"},{"taxonomy":"product_cat","embeddable":true,"href":"http:\/\/gustavoassisceramicas.com.br\/en\/wp-json\/wp\/v2\/product_cat?post=14920"},{"taxonomy":"product_tag","embeddable":true,"href":"http:\/\/gustavoassisceramicas.com.br\/en\/wp-json\/wp\/v2\/product_tag?post=14920"}],"curies":[{"name":"wp","href":"https:\/\/api.w.org\/{rel}","templated":true}]}}