{"id":14893,"date":"2021-11-25T11:57:48","date_gmt":"2021-11-25T14:57:48","guid":{"rendered":"https:\/\/gustavoassisceramicas.com.br\/?post_type=product&#038;p=14893"},"modified":"2022-07-13T15:16:23","modified_gmt":"2022-07-13T18:16:23","slug":"caneca-media-verde","status":"publish","type":"product","link":"http:\/\/gustavoassisceramicas.com.br\/en\/product\/caneca-media-verde\/","title":{"rendered":"Caneca m\u00e9dia verde"},"content":{"rendered":"","protected":false},"excerpt":{"rendered":"<p>Caneca m\u00e9dia verde<\/p>\n<p>Canecas feitas no torno em argila faian\u00e7a e queimada \u00e0 1000 graus no forno \u00e0 g\u00e1s. N\u00e3o acompanha pratinho.<\/p>\n<p>Peso M\u00e9dio 160 gr<\/p>\n<p>Dimens\u00f5es M\u00e9dias:\u00a0 8,5 cm de di\u00e2metro x 8 cm de altura<\/p>","protected":false},"featured_media":14896,"comment_status":"open","ping_status":"closed","template":"","meta":[],"product_brand":[],"product_cat":[162,182],"product_tag":[320,175,171,262],"class_list":{"0":"post-14893","1":"product","2":"type-product","3":"status-publish","4":"has-post-thumbnail","6":"product_cat-utilitarios","7":"product_cat-xicaras-canecas-e-copos","8":"product_tag-amarelo","9":"product_tag-caneca","10":"product_tag-cha","11":"product_tag-verde","13":"first","14":"instock","15":"shipping-taxable","16":"product-type-variable"},"_links":{"self":[{"href":"http:\/\/gustavoassisceramicas.com.br\/en\/wp-json\/wp\/v2\/product\/14893","targetHints":{"allow":["GET"]}}],"collection":[{"href":"http:\/\/gustavoassisceramicas.com.br\/en\/wp-json\/wp\/v2\/product"}],"about":[{"href":"http:\/\/gustavoassisceramicas.com.br\/en\/wp-json\/wp\/v2\/types\/product"}],"replies":[{"embeddable":true,"href":"http:\/\/gustavoassisceramicas.com.br\/en\/wp-json\/wp\/v2\/comments?post=14893"}],"wp:featuredmedia":[{"embeddable":true,"href":"http:\/\/gustavoassisceramicas.com.br\/en\/wp-json\/wp\/v2\/media\/14896"}],"wp:attachment":[{"href":"http:\/\/gustavoassisceramicas.com.br\/en\/wp-json\/wp\/v2\/media?parent=14893"}],"wp:term":[{"taxonomy":"product_brand","embeddable":true,"href":"http:\/\/gustavoassisceramicas.com.br\/en\/wp-json\/wp\/v2\/product_brand?post=14893"},{"taxonomy":"product_cat","embeddable":true,"href":"http:\/\/gustavoassisceramicas.com.br\/en\/wp-json\/wp\/v2\/product_cat?post=14893"},{"taxonomy":"product_tag","embeddable":true,"href":"http:\/\/gustavoassisceramicas.com.br\/en\/wp-json\/wp\/v2\/product_tag?post=14893"}],"curies":[{"name":"wp","href":"https:\/\/api.w.org\/{rel}","templated":true}]}}