{"id":14886,"date":"2021-11-25T11:42:38","date_gmt":"2021-11-25T14:42:38","guid":{"rendered":"https:\/\/gustavoassisceramicas.com.br\/?post_type=product&#038;p=14886"},"modified":"2022-07-13T15:16:37","modified_gmt":"2022-07-13T18:16:37","slug":"caneca-alta-verde","status":"publish","type":"product","link":"http:\/\/gustavoassisceramicas.com.br\/en\/product\/caneca-alta-verde\/","title":{"rendered":"Caneca alta verde"},"content":{"rendered":"","protected":false},"excerpt":{"rendered":"<p>Caneca alta verde<\/p>\n<p>Canecas feitas no torno em argila faian\u00e7a e queimada \u00e0 1000 graus no forno \u00e0 g\u00e1s. N\u00e3o acompanha pratinho.<\/p>\n<p>Peso M\u00e9dio 290 gr<\/p>\n<p>Dimens\u00f5es M\u00e9dias:\u00a0 9,5 cm de di\u00e2metro x 11 cm de altura<\/p>","protected":false},"featured_media":14890,"comment_status":"open","ping_status":"closed","template":"","meta":[],"product_brand":[],"product_cat":[162,182],"product_tag":[175,171,448,262],"class_list":{"0":"post-14886","1":"product","2":"type-product","3":"status-publish","4":"has-post-thumbnail","6":"product_cat-utilitarios","7":"product_cat-xicaras-canecas-e-copos","8":"product_tag-caneca","9":"product_tag-cha","10":"product_tag-grande","11":"product_tag-verde","13":"first","14":"instock","15":"shipping-taxable","16":"product-type-variable"},"_links":{"self":[{"href":"http:\/\/gustavoassisceramicas.com.br\/en\/wp-json\/wp\/v2\/product\/14886","targetHints":{"allow":["GET"]}}],"collection":[{"href":"http:\/\/gustavoassisceramicas.com.br\/en\/wp-json\/wp\/v2\/product"}],"about":[{"href":"http:\/\/gustavoassisceramicas.com.br\/en\/wp-json\/wp\/v2\/types\/product"}],"replies":[{"embeddable":true,"href":"http:\/\/gustavoassisceramicas.com.br\/en\/wp-json\/wp\/v2\/comments?post=14886"}],"wp:featuredmedia":[{"embeddable":true,"href":"http:\/\/gustavoassisceramicas.com.br\/en\/wp-json\/wp\/v2\/media\/14890"}],"wp:attachment":[{"href":"http:\/\/gustavoassisceramicas.com.br\/en\/wp-json\/wp\/v2\/media?parent=14886"}],"wp:term":[{"taxonomy":"product_brand","embeddable":true,"href":"http:\/\/gustavoassisceramicas.com.br\/en\/wp-json\/wp\/v2\/product_brand?post=14886"},{"taxonomy":"product_cat","embeddable":true,"href":"http:\/\/gustavoassisceramicas.com.br\/en\/wp-json\/wp\/v2\/product_cat?post=14886"},{"taxonomy":"product_tag","embeddable":true,"href":"http:\/\/gustavoassisceramicas.com.br\/en\/wp-json\/wp\/v2\/product_tag?post=14886"}],"curies":[{"name":"wp","href":"https:\/\/api.w.org\/{rel}","templated":true}]}}