{"id":14724,"date":"2021-11-23T14:20:29","date_gmt":"2021-11-23T17:20:29","guid":{"rendered":"https:\/\/gustavoassisceramicas.com.br\/?post_type=product&#038;p=14724"},"modified":"2022-10-10T18:38:54","modified_gmt":"2022-10-10T21:38:54","slug":"vasos-grandes-com-desenhos-em-branco","status":"publish","type":"product","link":"http:\/\/gustavoassisceramicas.com.br\/en\/product\/vasos-grandes-com-desenhos-em-branco\/","title":{"rendered":"Vasos grandes com desenhos em branco"},"content":{"rendered":"","protected":false},"excerpt":{"rendered":"<p>Vasos grandes com desenhos em branco<\/p>\n<p>Vasos altos feitos no torno com argila preta e decorado com esmalte branco. Dispon\u00edvel em modelos com formas diferentes.<\/p>\n<p>Perfeito para decorar varandas e jardins. Recomenda-se o uso como cachepot. Aten\u00e7\u00e3o, n\u00e3o deve ser usada como cer\u00e2mica utilit\u00e1ria.<\/p>\n<p>&nbsp;<\/p>\n<p>Medidas:<\/p>\n<p>modelo 1:<\/p>\n<p>Peso M\u00e9dio Aproximado: 3,4 kg<br \/>\nTamanho M\u00e9dio Aproximado: 27 cm de di\u00e2metro x 25 cm de altura<\/p>\n<p>modelo 2:<\/p>\n<p>Peso M\u00e9dio Aproximado: 1,5 kg<br \/>\nTamanho M\u00e9dio Aproximado: 18 cm de di\u00e2metro x 26 cm de altura<\/p>\n<p>&nbsp;<\/p>","protected":false},"featured_media":14729,"comment_status":"open","ping_status":"closed","template":"","meta":[],"product_brand":[],"product_cat":[777,780,176,346],"product_tag":[172,269,426,190,186],"class_list":{"0":"post-14724","1":"product","2":"type-product","3":"status-publish","4":"has-post-thumbnail","6":"product_cat-colecoes","7":"product_cat-cores","8":"product_cat-decorativas","9":"product_cat-vasos","10":"product_tag-branco","11":"product_tag-cachepot","12":"product_tag-paisagismo","13":"product_tag-planta","14":"product_tag-vaso","16":"first","17":"instock","18":"shipping-taxable","19":"product-type-variable"},"_links":{"self":[{"href":"http:\/\/gustavoassisceramicas.com.br\/en\/wp-json\/wp\/v2\/product\/14724","targetHints":{"allow":["GET"]}}],"collection":[{"href":"http:\/\/gustavoassisceramicas.com.br\/en\/wp-json\/wp\/v2\/product"}],"about":[{"href":"http:\/\/gustavoassisceramicas.com.br\/en\/wp-json\/wp\/v2\/types\/product"}],"replies":[{"embeddable":true,"href":"http:\/\/gustavoassisceramicas.com.br\/en\/wp-json\/wp\/v2\/comments?post=14724"}],"wp:featuredmedia":[{"embeddable":true,"href":"http:\/\/gustavoassisceramicas.com.br\/en\/wp-json\/wp\/v2\/media\/14729"}],"wp:attachment":[{"href":"http:\/\/gustavoassisceramicas.com.br\/en\/wp-json\/wp\/v2\/media?parent=14724"}],"wp:term":[{"taxonomy":"product_brand","embeddable":true,"href":"http:\/\/gustavoassisceramicas.com.br\/en\/wp-json\/wp\/v2\/product_brand?post=14724"},{"taxonomy":"product_cat","embeddable":true,"href":"http:\/\/gustavoassisceramicas.com.br\/en\/wp-json\/wp\/v2\/product_cat?post=14724"},{"taxonomy":"product_tag","embeddable":true,"href":"http:\/\/gustavoassisceramicas.com.br\/en\/wp-json\/wp\/v2\/product_tag?post=14724"}],"curies":[{"name":"wp","href":"https:\/\/api.w.org\/{rel}","templated":true}]}}