{"id":13531,"date":"2021-07-23T16:48:40","date_gmt":"2021-07-23T19:48:40","guid":{"rendered":"https:\/\/gustavoassisceramicas.com.br\/?post_type=product&#038;p=13531"},"modified":"2022-10-29T12:04:04","modified_gmt":"2022-10-29T15:04:04","slug":"xicara-de-cha-e-pires-branco-e-preto-com-pratinho","status":"publish","type":"product","link":"http:\/\/gustavoassisceramicas.com.br\/en\/product\/xicara-de-cha-e-pires-branco-e-preto-com-pratinho\/","title":{"rendered":"X\u00edcara de ch\u00e1 branca e preta com pratinho"},"content":{"rendered":"","protected":false},"excerpt":{"rendered":"<p>X\u00edcara de ch\u00e1 com pires<\/p>\n<p>Pe\u00e7a feita no torno em argila terracota e esmaltada branca por fora e preta por dentro. Queimado em forno \u00e0 g\u00e1s em alta temperatura. <\/p>\n<p>Acompanha pratinho.<\/p>\n<p>Peso Aproximado Total: 380 g<br \/>\nDimens\u00f5es Aproximadas (Altura x Di\u00e2metro) pires: 1 x 14 cm \/ x\u00edcara: 7 x 8,5 cm<\/p>","protected":false},"featured_media":13532,"comment_status":"open","ping_status":"closed","template":"","meta":[],"product_brand":[],"product_cat":[777,781,162,182],"product_tag":[273,171,276,274,275,169],"class_list":{"0":"post-13531","1":"product","2":"type-product","3":"status-publish","4":"has-post-thumbnail","6":"product_cat-colecoes","7":"product_cat-terracota","8":"product_cat-utilitarios","9":"product_cat-xicaras-canecas-e-copos","10":"product_tag-cafe-com-leite","11":"product_tag-cha","12":"product_tag-estanho","13":"product_tag-fazenda","14":"product_tag-rustico","15":"product_tag-xicara","17":"first","18":"instock","19":"shipping-taxable","20":"product-type-simple"},"_links":{"self":[{"href":"http:\/\/gustavoassisceramicas.com.br\/en\/wp-json\/wp\/v2\/product\/13531","targetHints":{"allow":["GET"]}}],"collection":[{"href":"http:\/\/gustavoassisceramicas.com.br\/en\/wp-json\/wp\/v2\/product"}],"about":[{"href":"http:\/\/gustavoassisceramicas.com.br\/en\/wp-json\/wp\/v2\/types\/product"}],"replies":[{"embeddable":true,"href":"http:\/\/gustavoassisceramicas.com.br\/en\/wp-json\/wp\/v2\/comments?post=13531"}],"wp:featuredmedia":[{"embeddable":true,"href":"http:\/\/gustavoassisceramicas.com.br\/en\/wp-json\/wp\/v2\/media\/13532"}],"wp:attachment":[{"href":"http:\/\/gustavoassisceramicas.com.br\/en\/wp-json\/wp\/v2\/media?parent=13531"}],"wp:term":[{"taxonomy":"product_brand","embeddable":true,"href":"http:\/\/gustavoassisceramicas.com.br\/en\/wp-json\/wp\/v2\/product_brand?post=13531"},{"taxonomy":"product_cat","embeddable":true,"href":"http:\/\/gustavoassisceramicas.com.br\/en\/wp-json\/wp\/v2\/product_cat?post=13531"},{"taxonomy":"product_tag","embeddable":true,"href":"http:\/\/gustavoassisceramicas.com.br\/en\/wp-json\/wp\/v2\/product_tag?post=13531"}],"curies":[{"name":"wp","href":"https:\/\/api.w.org\/{rel}","templated":true}]}}