{"id":13509,"date":"2021-07-23T12:25:14","date_gmt":"2021-07-23T15:25:14","guid":{"rendered":"https:\/\/gustavoassisceramicas.com.br\/?post_type=product&#038;p=13509"},"modified":"2022-07-13T14:56:03","modified_gmt":"2022-07-13T17:56:03","slug":"luminaria-para-velas","status":"publish","type":"product","link":"http:\/\/gustavoassisceramicas.com.br\/en\/product\/luminaria-para-velas\/","title":{"rendered":"Lumin\u00e1ria para velas"},"content":{"rendered":"","protected":false},"excerpt":{"rendered":"<p>Lumin\u00e1ria de Velas<\/p>\n<p>Pe\u00e7a feita no torno com argila preta e com dois tipos de decora\u00e7\u00e3o diferentes. Acompanha pote para receber a vela.<\/p>\n<p>Peso aprox. 700 gr<br \/>\nTamanho aproximado 14 cm de di\u00e2metro x 22 cm de altura<\/p>","protected":false},"featured_media":15298,"comment_status":"open","ping_status":"closed","template":"","meta":[],"product_brand":[],"product_cat":[176,751],"product_tag":[301,297,441],"class_list":{"0":"post-13509","1":"product","2":"type-product","3":"status-publish","4":"has-post-thumbnail","6":"product_cat-decorativas","7":"product_cat-iluminacao2","8":"product_tag-iluminacao","9":"product_tag-luminaria","10":"product_tag-vela","12":"first","13":"instock","14":"shipping-taxable","15":"product-type-variable"},"_links":{"self":[{"href":"http:\/\/gustavoassisceramicas.com.br\/en\/wp-json\/wp\/v2\/product\/13509","targetHints":{"allow":["GET"]}}],"collection":[{"href":"http:\/\/gustavoassisceramicas.com.br\/en\/wp-json\/wp\/v2\/product"}],"about":[{"href":"http:\/\/gustavoassisceramicas.com.br\/en\/wp-json\/wp\/v2\/types\/product"}],"replies":[{"embeddable":true,"href":"http:\/\/gustavoassisceramicas.com.br\/en\/wp-json\/wp\/v2\/comments?post=13509"}],"wp:featuredmedia":[{"embeddable":true,"href":"http:\/\/gustavoassisceramicas.com.br\/en\/wp-json\/wp\/v2\/media\/15298"}],"wp:attachment":[{"href":"http:\/\/gustavoassisceramicas.com.br\/en\/wp-json\/wp\/v2\/media?parent=13509"}],"wp:term":[{"taxonomy":"product_brand","embeddable":true,"href":"http:\/\/gustavoassisceramicas.com.br\/en\/wp-json\/wp\/v2\/product_brand?post=13509"},{"taxonomy":"product_cat","embeddable":true,"href":"http:\/\/gustavoassisceramicas.com.br\/en\/wp-json\/wp\/v2\/product_cat?post=13509"},{"taxonomy":"product_tag","embeddable":true,"href":"http:\/\/gustavoassisceramicas.com.br\/en\/wp-json\/wp\/v2\/product_tag?post=13509"}],"curies":[{"name":"wp","href":"https:\/\/api.w.org\/{rel}","templated":true}]}}