{"id":13505,"date":"2021-07-23T11:32:14","date_gmt":"2021-07-23T14:32:14","guid":{"rendered":"https:\/\/gustavoassisceramicas.com.br\/?post_type=product&#038;p=13505"},"modified":"2022-07-13T16:03:34","modified_gmt":"2022-07-13T19:03:34","slug":"base-para-lustre-pendente","status":"publish","type":"product","link":"http:\/\/gustavoassisceramicas.com.br\/en\/product\/base-para-lustre-pendente\/","title":{"rendered":"Base para lustre pendente"},"content":{"rendered":"","protected":false},"excerpt":{"rendered":"<p>Base para lustre pendente<\/p>\n<p>Pe\u00e7a feita no torno em argila preta. Foi aplicado o esmalte branco com o pincel e depois foram feitos grafismos em preto. Para ser usado como base para lustre pendente em ilumina\u00e7\u00e3o.<\/p>\n<p>N\u00e3o acompanha fia\u00e7\u00e3o el\u00e9trica ou bocal.<\/p>\n<p>Peso Aprox. 1,12 Kg<br \/>\nTamanho Aprox. 20 cm de di\u00e2metro x 19 cm de altura<\/p>","protected":false},"featured_media":14206,"comment_status":"open","ping_status":"closed","template":"","meta":[],"product_brand":[],"product_cat":[176,751],"product_tag":[297],"class_list":{"0":"post-13505","1":"product","2":"type-product","3":"status-publish","4":"has-post-thumbnail","6":"product_cat-decorativas","7":"product_cat-iluminacao2","8":"product_tag-luminaria","10":"first","11":"instock","12":"shipping-taxable","13":"product-type-simple"},"_links":{"self":[{"href":"http:\/\/gustavoassisceramicas.com.br\/en\/wp-json\/wp\/v2\/product\/13505","targetHints":{"allow":["GET"]}}],"collection":[{"href":"http:\/\/gustavoassisceramicas.com.br\/en\/wp-json\/wp\/v2\/product"}],"about":[{"href":"http:\/\/gustavoassisceramicas.com.br\/en\/wp-json\/wp\/v2\/types\/product"}],"replies":[{"embeddable":true,"href":"http:\/\/gustavoassisceramicas.com.br\/en\/wp-json\/wp\/v2\/comments?post=13505"}],"wp:featuredmedia":[{"embeddable":true,"href":"http:\/\/gustavoassisceramicas.com.br\/en\/wp-json\/wp\/v2\/media\/14206"}],"wp:attachment":[{"href":"http:\/\/gustavoassisceramicas.com.br\/en\/wp-json\/wp\/v2\/media?parent=13505"}],"wp:term":[{"taxonomy":"product_brand","embeddable":true,"href":"http:\/\/gustavoassisceramicas.com.br\/en\/wp-json\/wp\/v2\/product_brand?post=13505"},{"taxonomy":"product_cat","embeddable":true,"href":"http:\/\/gustavoassisceramicas.com.br\/en\/wp-json\/wp\/v2\/product_cat?post=13505"},{"taxonomy":"product_tag","embeddable":true,"href":"http:\/\/gustavoassisceramicas.com.br\/en\/wp-json\/wp\/v2\/product_tag?post=13505"}],"curies":[{"name":"wp","href":"https:\/\/api.w.org\/{rel}","templated":true}]}}