{"id":13495,"date":"2021-07-23T10:52:01","date_gmt":"2021-07-23T13:52:01","guid":{"rendered":"https:\/\/gustavoassisceramicas.com.br\/?post_type=product&#038;p=13495"},"modified":"2022-07-13T14:54:51","modified_gmt":"2022-07-13T17:54:51","slug":"garrafa-em-raku-2","status":"publish","type":"product","link":"http:\/\/gustavoassisceramicas.com.br\/en\/product\/garrafa-em-raku-2\/","title":{"rendered":"Pe\u00e7as em Raku"},"content":{"rendered":"","protected":false},"excerpt":{"rendered":"<p>Pe\u00e7as em Raku<\/p>\n<p>Pe\u00e7as queimadas na tradi\u00e7\u00e3o oriental do Raku &#8211; \u00e0 1.000\u00ba C ela foi retirada e resfriada rapidamente, imprimindo efeitos \u00fanicos.<\/p>\n<p>N\u00e3o pode ser usada como pe\u00e7a utilit\u00e1ria.<\/p>\n<p>Em diversos modelos (vendidos separadamente).<\/p>\n<p>Modelo 1<\/p>\n<p>Peso Aprox. 550 gr.<br \/>\nDimens\u00f5es aprox. di\u00e2metro x altura (11 x 19 cm)<\/p>\n<p>Modelo 2<\/p>\n<p>Peso Aprox. 530 gr.<br \/>\nDimens\u00f5es aprox. di\u00e2metro x altura (13 x 12 cm)<\/p>\n<p>Modelo 3<\/p>\n<p>Peso Aprox. 400 gr.<br \/>\nDimens\u00f5es aprox. di\u00e2metro x altura (14 x 9 cm)<\/p>\n<p>Modelo 4<\/p>\n<p>Peso Aprox. 460 gr.<br \/>\nDimens\u00f5es aprox. di\u00e2metro x altura (11 x 16cm)<\/p>\n<p>Modelo 5<\/p>\n<p>Peso Aprox. 1200gr.<br \/>\nDimens\u00f5es aprox. di\u00e2metro x altura (16 x 18 cm)<\/p>","protected":false},"featured_media":15128,"comment_status":"open","ping_status":"closed","template":"","meta":[],"product_brand":[],"product_cat":[176,261,346],"product_tag":[166,260,758],"class_list":{"0":"post-13495","1":"product","2":"type-product","3":"status-publish","4":"has-post-thumbnail","6":"product_cat-decorativas","7":"product_cat-garrafas","8":"product_cat-vasos","9":"product_tag-garrafa","10":"product_tag-raku","11":"product_tag-vasos","13":"first","14":"instock","15":"shipping-taxable","16":"product-type-variable"},"_links":{"self":[{"href":"http:\/\/gustavoassisceramicas.com.br\/en\/wp-json\/wp\/v2\/product\/13495","targetHints":{"allow":["GET"]}}],"collection":[{"href":"http:\/\/gustavoassisceramicas.com.br\/en\/wp-json\/wp\/v2\/product"}],"about":[{"href":"http:\/\/gustavoassisceramicas.com.br\/en\/wp-json\/wp\/v2\/types\/product"}],"replies":[{"embeddable":true,"href":"http:\/\/gustavoassisceramicas.com.br\/en\/wp-json\/wp\/v2\/comments?post=13495"}],"wp:featuredmedia":[{"embeddable":true,"href":"http:\/\/gustavoassisceramicas.com.br\/en\/wp-json\/wp\/v2\/media\/15128"}],"wp:attachment":[{"href":"http:\/\/gustavoassisceramicas.com.br\/en\/wp-json\/wp\/v2\/media?parent=13495"}],"wp:term":[{"taxonomy":"product_brand","embeddable":true,"href":"http:\/\/gustavoassisceramicas.com.br\/en\/wp-json\/wp\/v2\/product_brand?post=13495"},{"taxonomy":"product_cat","embeddable":true,"href":"http:\/\/gustavoassisceramicas.com.br\/en\/wp-json\/wp\/v2\/product_cat?post=13495"},{"taxonomy":"product_tag","embeddable":true,"href":"http:\/\/gustavoassisceramicas.com.br\/en\/wp-json\/wp\/v2\/product_tag?post=13495"}],"curies":[{"name":"wp","href":"https:\/\/api.w.org\/{rel}","templated":true}]}}