{"id":13467,"date":"2021-07-22T17:13:07","date_gmt":"2021-07-22T20:13:07","guid":{"rendered":"https:\/\/gustavoassisceramicas.com.br\/?post_type=product&#038;p=13467"},"modified":"2022-10-29T12:12:56","modified_gmt":"2022-10-29T15:12:56","slug":"tigela-media-verde","status":"publish","type":"product","link":"http:\/\/gustavoassisceramicas.com.br\/en\/product\/tigela-media-verde\/","title":{"rendered":"Tigela M\u00e9dia em Sangue de Boi"},"content":{"rendered":"","protected":false},"excerpt":{"rendered":"<p>Tigela M\u00e9dia<\/p>\n<p>Tigela torneada \u00e0 m\u00e3o. Dispon\u00edvel em diversas argilas e esmaltes.<\/p>\n<p>Pode ser usada no micro-ondas e m\u00e1quina de lavar<\/p>\n<p>Dispon\u00edvel nas seguintes cores e argilas:<\/p>\n<ul>\n<li>Porcelana e esmalte sangue de boi na cor verde<\/li>\n<li>Porcelana e esmalte sangue de boi na cor marrom avermelhada com manchas claras<\/li>\n<li>Porcelana e esmalte sangue de boi na cor marrom avermelhada<\/li>\n<\/ul>\n<p>Peso Aprox.: 390 gr.<br \/>\nTamanho Aprox.: 16 cm de di\u00e2metro x 8 cm de altura<\/p>","protected":false},"featured_media":15994,"comment_status":"open","ping_status":"closed","template":"","meta":[],"product_brand":[],"product_cat":[777,184,779,162],"product_tag":[192,173,168,191],"class_list":{"0":"post-13467","1":"product","2":"type-product","3":"status-publish","4":"has-post-thumbnail","6":"product_cat-colecoes","7":"product_cat-pratos","8":"product_cat-sangue-de-boi","9":"product_cat-utilitarios","10":"product_tag-bowl","11":"product_tag-celadon","12":"product_tag-sangue-de-boi","13":"product_tag-tigela","15":"first","16":"instock","17":"shipping-taxable","18":"product-type-variable"},"_links":{"self":[{"href":"http:\/\/gustavoassisceramicas.com.br\/en\/wp-json\/wp\/v2\/product\/13467","targetHints":{"allow":["GET"]}}],"collection":[{"href":"http:\/\/gustavoassisceramicas.com.br\/en\/wp-json\/wp\/v2\/product"}],"about":[{"href":"http:\/\/gustavoassisceramicas.com.br\/en\/wp-json\/wp\/v2\/types\/product"}],"replies":[{"embeddable":true,"href":"http:\/\/gustavoassisceramicas.com.br\/en\/wp-json\/wp\/v2\/comments?post=13467"}],"wp:featuredmedia":[{"embeddable":true,"href":"http:\/\/gustavoassisceramicas.com.br\/en\/wp-json\/wp\/v2\/media\/15994"}],"wp:attachment":[{"href":"http:\/\/gustavoassisceramicas.com.br\/en\/wp-json\/wp\/v2\/media?parent=13467"}],"wp:term":[{"taxonomy":"product_brand","embeddable":true,"href":"http:\/\/gustavoassisceramicas.com.br\/en\/wp-json\/wp\/v2\/product_brand?post=13467"},{"taxonomy":"product_cat","embeddable":true,"href":"http:\/\/gustavoassisceramicas.com.br\/en\/wp-json\/wp\/v2\/product_cat?post=13467"},{"taxonomy":"product_tag","embeddable":true,"href":"http:\/\/gustavoassisceramicas.com.br\/en\/wp-json\/wp\/v2\/product_tag?post=13467"}],"curies":[{"name":"wp","href":"https:\/\/api.w.org\/{rel}","templated":true}]}}