{"id":13459,"date":"2021-07-22T16:47:32","date_gmt":"2021-07-22T19:47:32","guid":{"rendered":"https:\/\/gustavoassisceramicas.com.br\/?post_type=product&#038;p=13459"},"modified":"2022-07-13T14:59:13","modified_gmt":"2022-07-13T17:59:13","slug":"vaso-pequeno-em-raku-com-desenho-de-galhos","status":"publish","type":"product","link":"http:\/\/gustavoassisceramicas.com.br\/en\/product\/vaso-pequeno-em-raku-com-desenho-de-galhos\/","title":{"rendered":"Vasos em raku com desenhos de galhos"},"content":{"rendered":"","protected":false},"excerpt":{"rendered":"<p>Garrafa em raku<\/p>\n<p>Pe\u00e7a queimada na tradi\u00e7\u00e3o oriental do Raku &#8211; \u00e0 1.000\u00ba C ela foi retirada e resfriada rapidamente, imprimindo efeitos \u00fanicos.<\/p>\n<p>N\u00e3o pode ser usada como pe\u00e7a utilit\u00e1ria.<\/p>\n<p>Peso m\u00e9dio aprox. 270 gr.<br \/>\nDimens\u00f5es m\u00e9dio aprox. di\u00e2metro x altura (8 x 12 cm)<\/p>","protected":false},"featured_media":14394,"comment_status":"open","ping_status":"closed","template":"","meta":[],"product_brand":[],"product_cat":[176,346],"product_tag":[260,186],"class_list":{"0":"post-13459","1":"product","2":"type-product","3":"status-publish","4":"has-post-thumbnail","6":"product_cat-decorativas","7":"product_cat-vasos","8":"product_tag-raku","9":"product_tag-vaso","11":"first","12":"instock","13":"shipping-taxable","14":"product-type-variable"},"_links":{"self":[{"href":"http:\/\/gustavoassisceramicas.com.br\/en\/wp-json\/wp\/v2\/product\/13459","targetHints":{"allow":["GET"]}}],"collection":[{"href":"http:\/\/gustavoassisceramicas.com.br\/en\/wp-json\/wp\/v2\/product"}],"about":[{"href":"http:\/\/gustavoassisceramicas.com.br\/en\/wp-json\/wp\/v2\/types\/product"}],"replies":[{"embeddable":true,"href":"http:\/\/gustavoassisceramicas.com.br\/en\/wp-json\/wp\/v2\/comments?post=13459"}],"wp:featuredmedia":[{"embeddable":true,"href":"http:\/\/gustavoassisceramicas.com.br\/en\/wp-json\/wp\/v2\/media\/14394"}],"wp:attachment":[{"href":"http:\/\/gustavoassisceramicas.com.br\/en\/wp-json\/wp\/v2\/media?parent=13459"}],"wp:term":[{"taxonomy":"product_brand","embeddable":true,"href":"http:\/\/gustavoassisceramicas.com.br\/en\/wp-json\/wp\/v2\/product_brand?post=13459"},{"taxonomy":"product_cat","embeddable":true,"href":"http:\/\/gustavoassisceramicas.com.br\/en\/wp-json\/wp\/v2\/product_cat?post=13459"},{"taxonomy":"product_tag","embeddable":true,"href":"http:\/\/gustavoassisceramicas.com.br\/en\/wp-json\/wp\/v2\/product_tag?post=13459"}],"curies":[{"name":"wp","href":"https:\/\/api.w.org\/{rel}","templated":true}]}}