{"id":13437,"date":"2021-07-22T13:07:49","date_gmt":"2021-07-22T16:07:49","guid":{"rendered":"https:\/\/gustavoassisceramicas.com.br\/?post_type=product&#038;p=13437"},"modified":"2022-07-13T15:17:37","modified_gmt":"2022-07-13T18:17:37","slug":"copo-em-esmalte-azul","status":"publish","type":"product","link":"http:\/\/gustavoassisceramicas.com.br\/en\/product\/copo-em-esmalte-azul\/","title":{"rendered":"Copo em esmalte azul"},"content":{"rendered":"","protected":false},"excerpt":{"rendered":"<p>Copo em azul<\/p>\n<p>Feito no torno com uma argila que apresenta pintinhas pretas. Em algumas \u00e1reas da parte externa da pe\u00e7a o esmalte n\u00e3o foi aplicado, mostrando a beleza dessa argila.<\/p>\n<p>Pode ser usada no micro-ondas e m\u00e1quina de lavar-lou\u00e7as.<\/p>\n<p>Peso aprox. 410 gr<br \/>\nTamanho aprox. 9,5 cm de di\u00e2metro x 11 cm de altura<\/p>","protected":false},"featured_media":13438,"comment_status":"open","ping_status":"closed","template":"","meta":[],"product_brand":[],"product_cat":[162,182],"product_tag":[240,167],"class_list":{"0":"post-13437","1":"product","2":"type-product","3":"status-publish","4":"has-post-thumbnail","6":"product_cat-utilitarios","7":"product_cat-xicaras-canecas-e-copos","8":"product_tag-azul","9":"product_tag-copo","11":"first","12":"instock","13":"shipping-taxable","14":"product-type-simple"},"_links":{"self":[{"href":"http:\/\/gustavoassisceramicas.com.br\/en\/wp-json\/wp\/v2\/product\/13437","targetHints":{"allow":["GET"]}}],"collection":[{"href":"http:\/\/gustavoassisceramicas.com.br\/en\/wp-json\/wp\/v2\/product"}],"about":[{"href":"http:\/\/gustavoassisceramicas.com.br\/en\/wp-json\/wp\/v2\/types\/product"}],"replies":[{"embeddable":true,"href":"http:\/\/gustavoassisceramicas.com.br\/en\/wp-json\/wp\/v2\/comments?post=13437"}],"wp:featuredmedia":[{"embeddable":true,"href":"http:\/\/gustavoassisceramicas.com.br\/en\/wp-json\/wp\/v2\/media\/13438"}],"wp:attachment":[{"href":"http:\/\/gustavoassisceramicas.com.br\/en\/wp-json\/wp\/v2\/media?parent=13437"}],"wp:term":[{"taxonomy":"product_brand","embeddable":true,"href":"http:\/\/gustavoassisceramicas.com.br\/en\/wp-json\/wp\/v2\/product_brand?post=13437"},{"taxonomy":"product_cat","embeddable":true,"href":"http:\/\/gustavoassisceramicas.com.br\/en\/wp-json\/wp\/v2\/product_cat?post=13437"},{"taxonomy":"product_tag","embeddable":true,"href":"http:\/\/gustavoassisceramicas.com.br\/en\/wp-json\/wp\/v2\/product_tag?post=13437"}],"curies":[{"name":"wp","href":"https:\/\/api.w.org\/{rel}","templated":true}]}}