{"id":13434,"date":"2021-07-22T12:54:08","date_gmt":"2021-07-22T15:54:08","guid":{"rendered":"https:\/\/gustavoassisceramicas.com.br\/?post_type=product&#038;p=13434"},"modified":"2022-10-11T14:13:08","modified_gmt":"2022-10-11T17:13:08","slug":"vaso-grande-com-desenhos-abstratos","status":"publish","type":"product","link":"http:\/\/gustavoassisceramicas.com.br\/en\/product\/vaso-grande-com-desenhos-abstratos\/","title":{"rendered":"Vaso grande com desenhos abstratos"},"content":{"rendered":"","protected":false},"excerpt":{"rendered":"<p>Vaso pequeno com desenhos abstratos<\/p>\n<p>Vaso alto feito no torno com argila preta e decorado com engobes coloridos. Engobe \u00e9 uma mistura de argila e corante que s\u00e3o colocados na pe\u00e7a quando ela ainda est\u00e1 \u00famida.<\/p>\n<p>Perfeito para decorar varandas e jardins. Recomenda-se o uso como cachepot de plantas. N\u00e3o us\u00e1-la como cer\u00e2mica utilit\u00e1ria.<\/p>\n<p>Dispon\u00edvel em v\u00e1rios desenhos e cores.<\/p>\n<p>Peso Aproximado: 3 kg<br \/>\nTamanho Aproximado: 27 cm de di\u00e2metro x 26 cm de altura<\/p>","protected":false},"featured_media":15632,"comment_status":"open","ping_status":"closed","template":"","meta":[],"product_brand":[],"product_cat":[777,780,176,346],"product_tag":[269,316,426,190,186],"class_list":{"0":"post-13434","1":"product","2":"type-product","3":"status-publish","4":"has-post-thumbnail","6":"product_cat-colecoes","7":"product_cat-cores","8":"product_cat-decorativas","9":"product_cat-vasos","10":"product_tag-cachepot","11":"product_tag-engobe","12":"product_tag-paisagismo","13":"product_tag-planta","14":"product_tag-vaso","16":"first","17":"instock","18":"shipping-taxable","19":"product-type-variable"},"_links":{"self":[{"href":"http:\/\/gustavoassisceramicas.com.br\/en\/wp-json\/wp\/v2\/product\/13434","targetHints":{"allow":["GET"]}}],"collection":[{"href":"http:\/\/gustavoassisceramicas.com.br\/en\/wp-json\/wp\/v2\/product"}],"about":[{"href":"http:\/\/gustavoassisceramicas.com.br\/en\/wp-json\/wp\/v2\/types\/product"}],"replies":[{"embeddable":true,"href":"http:\/\/gustavoassisceramicas.com.br\/en\/wp-json\/wp\/v2\/comments?post=13434"}],"wp:featuredmedia":[{"embeddable":true,"href":"http:\/\/gustavoassisceramicas.com.br\/en\/wp-json\/wp\/v2\/media\/15632"}],"wp:attachment":[{"href":"http:\/\/gustavoassisceramicas.com.br\/en\/wp-json\/wp\/v2\/media?parent=13434"}],"wp:term":[{"taxonomy":"product_brand","embeddable":true,"href":"http:\/\/gustavoassisceramicas.com.br\/en\/wp-json\/wp\/v2\/product_brand?post=13434"},{"taxonomy":"product_cat","embeddable":true,"href":"http:\/\/gustavoassisceramicas.com.br\/en\/wp-json\/wp\/v2\/product_cat?post=13434"},{"taxonomy":"product_tag","embeddable":true,"href":"http:\/\/gustavoassisceramicas.com.br\/en\/wp-json\/wp\/v2\/product_tag?post=13434"}],"curies":[{"name":"wp","href":"https:\/\/api.w.org\/{rel}","templated":true}]}}