{"id":13381,"date":"2021-07-21T12:29:59","date_gmt":"2021-07-21T15:29:59","guid":{"rendered":"https:\/\/gustavoassisceramicas.com.br\/?post_type=product&#038;p=13381"},"modified":"2022-10-29T12:06:30","modified_gmt":"2022-10-29T15:06:30","slug":"conjunto-de-2-xicaras-de-cha-em-terracota","status":"publish","type":"product","link":"http:\/\/gustavoassisceramicas.com.br\/en\/product\/conjunto-de-2-xicaras-de-cha-em-terracota\/","title":{"rendered":"X\u00edcaras de ch\u00e1 em terracota com fundo preto"},"content":{"rendered":"","protected":false},"excerpt":{"rendered":"<p>X\u00edcara de ch\u00e1 em argila terracota com esmalta\u00e7\u00e3o branca por fora e preta por dentro (tenmoku)<\/p>\n<p>Super leve e gostosa de usar. Feita no torno \u00e0 m\u00e3o. Pe\u00e7as \u00fanicas.<\/p>\n<p>Acompanha pratinho.<\/p>\n<p>Pode ser levado ao micro-ondas e m\u00e1quina de lavar lou\u00e7as.<\/p>\n<p>Dimens\u00f5es aproximadas de cada x\u00edcara (Altura x Di\u00e2metro): 7 x 10 cm<br \/>\nPeso aproximado de cada x\u00edcara com o prato: 420 gramas<\/p>","protected":false},"featured_media":15866,"comment_status":"open","ping_status":"closed","template":"","meta":[],"product_brand":[],"product_cat":[777,781,162,182],"product_tag":[172,170,419,341,164,169],"class_list":{"0":"post-13381","1":"product","2":"type-product","3":"status-publish","4":"has-post-thumbnail","6":"product_cat-colecoes","7":"product_cat-terracota","8":"product_cat-utilitarios","9":"product_cat-xicaras-canecas-e-copos","10":"product_tag-branco","11":"product_tag-cafe","12":"product_tag-conjunto","13":"product_tag-preto","14":"product_tag-terracota","15":"product_tag-xicara","17":"first","18":"instock","19":"shipping-taxable","20":"product-type-simple"},"_links":{"self":[{"href":"http:\/\/gustavoassisceramicas.com.br\/en\/wp-json\/wp\/v2\/product\/13381","targetHints":{"allow":["GET"]}}],"collection":[{"href":"http:\/\/gustavoassisceramicas.com.br\/en\/wp-json\/wp\/v2\/product"}],"about":[{"href":"http:\/\/gustavoassisceramicas.com.br\/en\/wp-json\/wp\/v2\/types\/product"}],"replies":[{"embeddable":true,"href":"http:\/\/gustavoassisceramicas.com.br\/en\/wp-json\/wp\/v2\/comments?post=13381"}],"wp:featuredmedia":[{"embeddable":true,"href":"http:\/\/gustavoassisceramicas.com.br\/en\/wp-json\/wp\/v2\/media\/15866"}],"wp:attachment":[{"href":"http:\/\/gustavoassisceramicas.com.br\/en\/wp-json\/wp\/v2\/media?parent=13381"}],"wp:term":[{"taxonomy":"product_brand","embeddable":true,"href":"http:\/\/gustavoassisceramicas.com.br\/en\/wp-json\/wp\/v2\/product_brand?post=13381"},{"taxonomy":"product_cat","embeddable":true,"href":"http:\/\/gustavoassisceramicas.com.br\/en\/wp-json\/wp\/v2\/product_cat?post=13381"},{"taxonomy":"product_tag","embeddable":true,"href":"http:\/\/gustavoassisceramicas.com.br\/en\/wp-json\/wp\/v2\/product_tag?post=13381"}],"curies":[{"name":"wp","href":"https:\/\/api.w.org\/{rel}","templated":true}]}}