{"id":13354,"date":"2021-07-20T19:57:53","date_gmt":"2021-07-20T22:57:53","guid":{"rendered":"https:\/\/gustavoassisceramicas.com.br\/?post_type=product&#038;p=13354"},"modified":"2022-07-13T15:22:44","modified_gmt":"2022-07-13T18:22:44","slug":"pote-pequeno-em-celadon-com-baixo-relevo","status":"publish","type":"product","link":"http:\/\/gustavoassisceramicas.com.br\/en\/product\/pote-pequeno-em-celadon-com-baixo-relevo\/","title":{"rendered":"Pote pequeno em celadon com baixo relevo"},"content":{"rendered":"","protected":false},"excerpt":{"rendered":"<p>Pote pequeno em celadon com baixo relevo<\/p>\n<p>Pote em porcelana em baixo relevo com esmalta\u00e7\u00e3o em celadon. Perfeita como um pequeno porta-j\u00f3ias. Queimada \u00e0 alta temperatura no forno \u00e0 g\u00e1s. Feita \u00e0 m\u00e3o no torno.<\/p>\n<p>Peso aproximado: 200 g<br \/>\nDimens\u00f5es aproximadas (Altura x Di\u00e2metro): 5,5 x 7 cm<\/p>","protected":false},"featured_media":13355,"comment_status":"open","ping_status":"closed","template":"","meta":[],"product_brand":[],"product_cat":[176,238],"product_tag":[173,430,239],"class_list":{"0":"post-13354","1":"product","2":"type-product","3":"status-publish","4":"has-post-thumbnail","6":"product_cat-decorativas","7":"product_cat-potes","8":"product_tag-celadon","9":"product_tag-porta-joias","10":"product_tag-pote","12":"first","13":"instock","14":"shipping-taxable","15":"product-type-simple"},"_links":{"self":[{"href":"http:\/\/gustavoassisceramicas.com.br\/en\/wp-json\/wp\/v2\/product\/13354","targetHints":{"allow":["GET"]}}],"collection":[{"href":"http:\/\/gustavoassisceramicas.com.br\/en\/wp-json\/wp\/v2\/product"}],"about":[{"href":"http:\/\/gustavoassisceramicas.com.br\/en\/wp-json\/wp\/v2\/types\/product"}],"replies":[{"embeddable":true,"href":"http:\/\/gustavoassisceramicas.com.br\/en\/wp-json\/wp\/v2\/comments?post=13354"}],"wp:featuredmedia":[{"embeddable":true,"href":"http:\/\/gustavoassisceramicas.com.br\/en\/wp-json\/wp\/v2\/media\/13355"}],"wp:attachment":[{"href":"http:\/\/gustavoassisceramicas.com.br\/en\/wp-json\/wp\/v2\/media?parent=13354"}],"wp:term":[{"taxonomy":"product_brand","embeddable":true,"href":"http:\/\/gustavoassisceramicas.com.br\/en\/wp-json\/wp\/v2\/product_brand?post=13354"},{"taxonomy":"product_cat","embeddable":true,"href":"http:\/\/gustavoassisceramicas.com.br\/en\/wp-json\/wp\/v2\/product_cat?post=13354"},{"taxonomy":"product_tag","embeddable":true,"href":"http:\/\/gustavoassisceramicas.com.br\/en\/wp-json\/wp\/v2\/product_tag?post=13354"}],"curies":[{"name":"wp","href":"https:\/\/api.w.org\/{rel}","templated":true}]}}