{"id":13343,"date":"2021-07-20T19:15:09","date_gmt":"2021-07-20T22:15:09","guid":{"rendered":"https:\/\/gustavoassisceramicas.com.br\/?post_type=product&#038;p=13343"},"modified":"2022-07-13T15:01:46","modified_gmt":"2022-07-13T18:01:46","slug":"vaso-em-raku-verde-com-forma-achatada-no-topo","status":"publish","type":"product","link":"http:\/\/gustavoassisceramicas.com.br\/en\/product\/vaso-em-raku-verde-com-forma-achatada-no-topo\/","title":{"rendered":"Vaso em Raku verde com forma achatada no topo"},"content":{"rendered":"","protected":false},"excerpt":{"rendered":"<p>Vaso em Raku<\/p>\n<p>Esse vaso foi feito no torno e suas abas foram unidas, conferindo um formato escultural.<\/p>\n<p>Vaso decorativo feito com argila de raku queimado na t\u00e9cnica tradicional japonesa de Raku &#8211; a pe\u00e7a \u00e9 retirada do forno \u00e0 1.000\u00baC e resfriada rapidamente, imprimindo efeitos \u00fanicos.<\/p>\n<p>N\u00e3o pode ser usada como utilit\u00e1rio.<\/p>\n<p>Peso Aprox. (390g)<\/p>\n<p>Dimens\u00f5es aprox. di\u00e2metro x altura (8,5 x 14 cm)<\/p>","protected":false},"featured_media":15345,"comment_status":"open","ping_status":"closed","template":"","meta":[],"product_brand":[],"product_cat":[176,346],"product_tag":[260,262],"class_list":{"0":"post-13343","1":"product","2":"type-product","3":"status-publish","4":"has-post-thumbnail","6":"product_cat-decorativas","7":"product_cat-vasos","8":"product_tag-raku","9":"product_tag-verde","11":"first","12":"instock","13":"shipping-taxable","14":"product-type-simple"},"_links":{"self":[{"href":"http:\/\/gustavoassisceramicas.com.br\/en\/wp-json\/wp\/v2\/product\/13343","targetHints":{"allow":["GET"]}}],"collection":[{"href":"http:\/\/gustavoassisceramicas.com.br\/en\/wp-json\/wp\/v2\/product"}],"about":[{"href":"http:\/\/gustavoassisceramicas.com.br\/en\/wp-json\/wp\/v2\/types\/product"}],"replies":[{"embeddable":true,"href":"http:\/\/gustavoassisceramicas.com.br\/en\/wp-json\/wp\/v2\/comments?post=13343"}],"wp:featuredmedia":[{"embeddable":true,"href":"http:\/\/gustavoassisceramicas.com.br\/en\/wp-json\/wp\/v2\/media\/15345"}],"wp:attachment":[{"href":"http:\/\/gustavoassisceramicas.com.br\/en\/wp-json\/wp\/v2\/media?parent=13343"}],"wp:term":[{"taxonomy":"product_brand","embeddable":true,"href":"http:\/\/gustavoassisceramicas.com.br\/en\/wp-json\/wp\/v2\/product_brand?post=13343"},{"taxonomy":"product_cat","embeddable":true,"href":"http:\/\/gustavoassisceramicas.com.br\/en\/wp-json\/wp\/v2\/product_cat?post=13343"},{"taxonomy":"product_tag","embeddable":true,"href":"http:\/\/gustavoassisceramicas.com.br\/en\/wp-json\/wp\/v2\/product_tag?post=13343"}],"curies":[{"name":"wp","href":"https:\/\/api.w.org\/{rel}","templated":true}]}}