{"id":13333,"date":"2021-07-20T16:26:52","date_gmt":"2021-07-20T19:26:52","guid":{"rendered":"https:\/\/gustavoassisceramicas.com.br\/?post_type=product&#038;p=13333"},"modified":"2022-07-13T15:18:39","modified_gmt":"2022-07-13T18:18:39","slug":"conjunto-de-2-xicaras-de-cafe-com-pratinhos-de-cinzas-folhas-de-palmeiras","status":"publish","type":"product","link":"http:\/\/gustavoassisceramicas.com.br\/en\/product\/conjunto-de-2-xicaras-de-cafe-com-pratinhos-de-cinzas-folhas-de-palmeiras\/","title":{"rendered":"Conjunto de 2 x\u00edcaras de caf\u00e9 com pratinhos de cinzas folhas de palmeiras"},"content":{"rendered":"","protected":false},"excerpt":{"rendered":"<p>Conjunto de 2 x\u00edcaras de caf\u00e9 em esmalte de cinzas de folhas de palmeiras<\/p>\n<p>Elegante conjunto com 2 x\u00edcaras de cafezinho com os pratinhos. Feito no torno e queimado em forno \u00e0 g\u00e1s. Foi usada a argila marfim para as x\u00edcaras e terracota para os pratinhos.<\/p>\n<p>Pode ser levado ao micro-ondas e m\u00e1quina de lavar.<\/p>\n<p>Peso Aproximado (de cada x\u00edcara): 190 g<br \/>\nTamanho Aproximado (de cada x\u00edcara): 7 cm de di\u00e2metro x 6 cm de altura<\/p>","protected":false},"featured_media":15188,"comment_status":"open","ping_status":"closed","template":"","meta":[],"product_brand":[],"product_cat":[162,182],"product_tag":[172,170,253,419,169],"class_list":{"0":"post-13333","1":"product","2":"type-product","3":"status-publish","4":"has-post-thumbnail","6":"product_cat-utilitarios","7":"product_cat-xicaras-canecas-e-copos","8":"product_tag-branco","9":"product_tag-cafe","10":"product_tag-cinzas-de-folhas-de-palmeiras","11":"product_tag-conjunto","12":"product_tag-xicara","14":"first","15":"instock","16":"shipping-taxable","17":"product-type-simple"},"_links":{"self":[{"href":"http:\/\/gustavoassisceramicas.com.br\/en\/wp-json\/wp\/v2\/product\/13333","targetHints":{"allow":["GET"]}}],"collection":[{"href":"http:\/\/gustavoassisceramicas.com.br\/en\/wp-json\/wp\/v2\/product"}],"about":[{"href":"http:\/\/gustavoassisceramicas.com.br\/en\/wp-json\/wp\/v2\/types\/product"}],"replies":[{"embeddable":true,"href":"http:\/\/gustavoassisceramicas.com.br\/en\/wp-json\/wp\/v2\/comments?post=13333"}],"wp:featuredmedia":[{"embeddable":true,"href":"http:\/\/gustavoassisceramicas.com.br\/en\/wp-json\/wp\/v2\/media\/15188"}],"wp:attachment":[{"href":"http:\/\/gustavoassisceramicas.com.br\/en\/wp-json\/wp\/v2\/media?parent=13333"}],"wp:term":[{"taxonomy":"product_brand","embeddable":true,"href":"http:\/\/gustavoassisceramicas.com.br\/en\/wp-json\/wp\/v2\/product_brand?post=13333"},{"taxonomy":"product_cat","embeddable":true,"href":"http:\/\/gustavoassisceramicas.com.br\/en\/wp-json\/wp\/v2\/product_cat?post=13333"},{"taxonomy":"product_tag","embeddable":true,"href":"http:\/\/gustavoassisceramicas.com.br\/en\/wp-json\/wp\/v2\/product_tag?post=13333"}],"curies":[{"name":"wp","href":"https:\/\/api.w.org\/{rel}","templated":true}]}}