{"id":13326,"date":"2021-07-20T15:49:59","date_gmt":"2021-07-20T18:49:59","guid":{"rendered":"https:\/\/gustavoassisceramicas.com.br\/?post_type=product&#038;p=13326"},"modified":"2023-05-27T15:49:50","modified_gmt":"2023-05-27T18:49:50","slug":"caneca-media-branca","status":"publish","type":"product","link":"http:\/\/gustavoassisceramicas.com.br\/en\/product\/caneca-media-branca\/","title":{"rendered":"Caneca m\u00e9dia branca em terracota"},"content":{"rendered":"","protected":false},"excerpt":{"rendered":"<p>Caneca m\u00e9dia em esmalte branco<\/p>\n<p>O modelo 1 tem esmalte branco por fora e preto (tenmoku) por dentro.<\/p>\n<p>O modelo 2 tem esmalte branco por toda a pe\u00e7a.<\/p>\n<p>Como foi usada a argila terracota, a queima imprimiu manchas marrons \u00fanicas em cada pe\u00e7a.<\/p>\n<p>Como todas as nossas cer\u00e2micas, pode ir ao micro-ondas e m\u00e1quina de lavar lou\u00e7as.<\/p>\n<p>Queimada no forno \u00e0 g\u00e1s.<\/p>\n<p>Peso Aproximado: 230 gr<br \/>\nDimens\u00f5es aproximadas di\u00e2metro x altura (8,5 x 9,5 cm)<\/p>","protected":false},"featured_media":15784,"comment_status":"open","ping_status":"closed","template":"","meta":[],"product_brand":[],"product_cat":[777,781,162,182],"product_tag":[172,170,175,171,263,174],"class_list":{"0":"post-13326","1":"product","2":"type-product","3":"status-publish","4":"has-post-thumbnail","6":"product_cat-colecoes","7":"product_cat-terracota","8":"product_cat-utilitarios","9":"product_cat-xicaras-canecas-e-copos","10":"product_tag-branco","11":"product_tag-cafe","12":"product_tag-caneca","13":"product_tag-cha","14":"product_tag-mug","15":"product_tag-tenmoku","17":"first","18":"instock","19":"shipping-taxable","20":"product-type-variable"},"_links":{"self":[{"href":"http:\/\/gustavoassisceramicas.com.br\/en\/wp-json\/wp\/v2\/product\/13326","targetHints":{"allow":["GET"]}}],"collection":[{"href":"http:\/\/gustavoassisceramicas.com.br\/en\/wp-json\/wp\/v2\/product"}],"about":[{"href":"http:\/\/gustavoassisceramicas.com.br\/en\/wp-json\/wp\/v2\/types\/product"}],"replies":[{"embeddable":true,"href":"http:\/\/gustavoassisceramicas.com.br\/en\/wp-json\/wp\/v2\/comments?post=13326"}],"wp:featuredmedia":[{"embeddable":true,"href":"http:\/\/gustavoassisceramicas.com.br\/en\/wp-json\/wp\/v2\/media\/15784"}],"wp:attachment":[{"href":"http:\/\/gustavoassisceramicas.com.br\/en\/wp-json\/wp\/v2\/media?parent=13326"}],"wp:term":[{"taxonomy":"product_brand","embeddable":true,"href":"http:\/\/gustavoassisceramicas.com.br\/en\/wp-json\/wp\/v2\/product_brand?post=13326"},{"taxonomy":"product_cat","embeddable":true,"href":"http:\/\/gustavoassisceramicas.com.br\/en\/wp-json\/wp\/v2\/product_cat?post=13326"},{"taxonomy":"product_tag","embeddable":true,"href":"http:\/\/gustavoassisceramicas.com.br\/en\/wp-json\/wp\/v2\/product_tag?post=13326"}],"curies":[{"name":"wp","href":"https:\/\/api.w.org\/{rel}","templated":true}]}}