{"id":13322,"date":"2021-07-20T15:30:49","date_gmt":"2021-07-20T18:30:49","guid":{"rendered":"https:\/\/gustavoassisceramicas.com.br\/?post_type=product&#038;p=13322"},"modified":"2023-02-10T15:15:14","modified_gmt":"2023-02-10T18:15:14","slug":"caneca-grande-em-preto-tenmoku","status":"publish","type":"product","link":"http:\/\/gustavoassisceramicas.com.br\/en\/product\/caneca-grande-em-preto-tenmoku\/","title":{"rendered":"Canecas em preto tenmoku"},"content":{"rendered":"","protected":false},"excerpt":{"rendered":"<p>Canecas em esmalte preto<\/p>\n<p>Canecas em esmalte preto (tenmoku) com pintas verde-oliva por dentro e por fora. Como todas as nossas cer\u00e2micas, pode ir ao micro-ondas e m\u00e1quina de lavar lou\u00e7as.<\/p>\n<p>Queimado no forno \u00e0 g\u00e1s.<\/p>\n<p>Dispon\u00edvel em v\u00e1rios modelos:<\/p>\n<p>modelo 1<\/p>\n<p>Peso Aproximado: 500 gr<br \/>\nDimens\u00f5es aproximadas di\u00e2metro x altura (9,5 x 10 cm)<\/p>","protected":false},"featured_media":15885,"comment_status":"open","ping_status":"closed","template":"","meta":[],"product_brand":[],"product_cat":[777,791,162,182],"product_tag":[170,175,171,263,174],"class_list":{"0":"post-13322","1":"product","2":"type-product","3":"status-publish","4":"has-post-thumbnail","6":"product_cat-colecoes","7":"product_cat-tenmoku","8":"product_cat-utilitarios","9":"product_cat-xicaras-canecas-e-copos","10":"product_tag-cafe","11":"product_tag-caneca","12":"product_tag-cha","13":"product_tag-mug","14":"product_tag-tenmoku","16":"first","17":"instock","18":"shipping-taxable","19":"product-type-variable"},"_links":{"self":[{"href":"http:\/\/gustavoassisceramicas.com.br\/en\/wp-json\/wp\/v2\/product\/13322","targetHints":{"allow":["GET"]}}],"collection":[{"href":"http:\/\/gustavoassisceramicas.com.br\/en\/wp-json\/wp\/v2\/product"}],"about":[{"href":"http:\/\/gustavoassisceramicas.com.br\/en\/wp-json\/wp\/v2\/types\/product"}],"replies":[{"embeddable":true,"href":"http:\/\/gustavoassisceramicas.com.br\/en\/wp-json\/wp\/v2\/comments?post=13322"}],"wp:featuredmedia":[{"embeddable":true,"href":"http:\/\/gustavoassisceramicas.com.br\/en\/wp-json\/wp\/v2\/media\/15885"}],"wp:attachment":[{"href":"http:\/\/gustavoassisceramicas.com.br\/en\/wp-json\/wp\/v2\/media?parent=13322"}],"wp:term":[{"taxonomy":"product_brand","embeddable":true,"href":"http:\/\/gustavoassisceramicas.com.br\/en\/wp-json\/wp\/v2\/product_brand?post=13322"},{"taxonomy":"product_cat","embeddable":true,"href":"http:\/\/gustavoassisceramicas.com.br\/en\/wp-json\/wp\/v2\/product_cat?post=13322"},{"taxonomy":"product_tag","embeddable":true,"href":"http:\/\/gustavoassisceramicas.com.br\/en\/wp-json\/wp\/v2\/product_tag?post=13322"}],"curies":[{"name":"wp","href":"https:\/\/api.w.org\/{rel}","templated":true}]}}