{"id":13310,"date":"2021-07-16T10:20:26","date_gmt":"2021-07-16T13:20:26","guid":{"rendered":"https:\/\/gustavoassisceramicas.com.br\/?post_type=product&#038;p=13310"},"modified":"2022-10-13T18:23:00","modified_gmt":"2022-10-13T21:23:00","slug":"pote-em-terracota","status":"publish","type":"product","link":"http:\/\/gustavoassisceramicas.com.br\/en\/product\/pote-em-terracota\/","title":{"rendered":"Pote com tampa em Celadon"},"content":{"rendered":"","protected":false},"excerpt":{"rendered":"<p>Potes com tampas<\/p>\n<p>Serve como a\u00e7ucareiro, pote de temperos, pimenteira, etc. Queimada \u00e0 alta temperatura no forno \u00e0 g\u00e1s. Feita \u00e0 m\u00e3o no torno.<\/p>\n<p>Esmaltado com celadon.<\/p>\n<p>Peso m\u00e9dio aproximado: 500 g<br \/>\nDimens\u00f5es m\u00e9dias aproximadas (Altura x Di\u00e2metro): 12 x 11 cm<\/p>","protected":false},"featured_media":15571,"comment_status":"open","ping_status":"closed","template":"","meta":[],"product_brand":[],"product_cat":[778,777,176,238],"product_tag":[427,173,752,239,290],"class_list":{"0":"post-13310","1":"product","2":"type-product","3":"status-publish","4":"has-post-thumbnail","6":"product_cat-celadon","7":"product_cat-colecoes","8":"product_cat-decorativas","9":"product_cat-potes","10":"product_tag-acucareiro","11":"product_tag-celadon","12":"product_tag-pimenteira","13":"product_tag-pote","14":"product_tag-tampa","16":"first","17":"instock","18":"shipping-taxable","19":"product-type-variable"},"_links":{"self":[{"href":"http:\/\/gustavoassisceramicas.com.br\/en\/wp-json\/wp\/v2\/product\/13310","targetHints":{"allow":["GET"]}}],"collection":[{"href":"http:\/\/gustavoassisceramicas.com.br\/en\/wp-json\/wp\/v2\/product"}],"about":[{"href":"http:\/\/gustavoassisceramicas.com.br\/en\/wp-json\/wp\/v2\/types\/product"}],"replies":[{"embeddable":true,"href":"http:\/\/gustavoassisceramicas.com.br\/en\/wp-json\/wp\/v2\/comments?post=13310"}],"wp:featuredmedia":[{"embeddable":true,"href":"http:\/\/gustavoassisceramicas.com.br\/en\/wp-json\/wp\/v2\/media\/15571"}],"wp:attachment":[{"href":"http:\/\/gustavoassisceramicas.com.br\/en\/wp-json\/wp\/v2\/media?parent=13310"}],"wp:term":[{"taxonomy":"product_brand","embeddable":true,"href":"http:\/\/gustavoassisceramicas.com.br\/en\/wp-json\/wp\/v2\/product_brand?post=13310"},{"taxonomy":"product_cat","embeddable":true,"href":"http:\/\/gustavoassisceramicas.com.br\/en\/wp-json\/wp\/v2\/product_cat?post=13310"},{"taxonomy":"product_tag","embeddable":true,"href":"http:\/\/gustavoassisceramicas.com.br\/en\/wp-json\/wp\/v2\/product_tag?post=13310"}],"curies":[{"name":"wp","href":"https:\/\/api.w.org\/{rel}","templated":true}]}}