{"id":13298,"date":"2021-07-15T14:10:35","date_gmt":"2021-07-15T17:10:35","guid":{"rendered":"https:\/\/gustavoassisceramicas.com.br\/?post_type=product&#038;p=13298"},"modified":"2022-10-10T19:11:12","modified_gmt":"2022-10-10T22:11:12","slug":"vaso-alto-grande-com-desenhos","status":"publish","type":"product","link":"http:\/\/gustavoassisceramicas.com.br\/en\/product\/vaso-alto-grande-com-desenhos\/","title":{"rendered":"Vasos altos grandes com desenhos"},"content":{"rendered":"","protected":false},"excerpt":{"rendered":"<p>Vasos altos com desenhos abstratos<\/p>\n<p>Vasos altos feitos no torno com argila preta e decorado com engobes coloridos. Engobe \u00e9 uma mistura de argila e corante que s\u00e3o colocados na pe\u00e7a quando ela ainda est\u00e1 \u00famida. Dispon\u00edvel em modelos com desenhos diferentes.<\/p>\n<p>Perfeito para decorar varandas e jardins. Recomenda-se o uso como cachepot. Aten\u00e7\u00e3o, por ter recebido camadas de resina impermeabilizante, n\u00e3o deve ser usada como cer\u00e2mica utilit\u00e1ria.<\/p>\n<p>Peso M\u00e9dio Aproximado: 1,1 kg<br \/>\nTamanho M\u00e9dio Aproximado: 14 cm de di\u00e2metro x 27 cm de altura<\/p>","protected":false},"featured_media":15628,"comment_status":"open","ping_status":"closed","template":"","meta":[],"product_brand":[],"product_cat":[777,780,176,346],"product_tag":[269,316,426,190,186],"class_list":{"0":"post-13298","1":"product","2":"type-product","3":"status-publish","4":"has-post-thumbnail","6":"product_cat-colecoes","7":"product_cat-cores","8":"product_cat-decorativas","9":"product_cat-vasos","10":"product_tag-cachepot","11":"product_tag-engobe","12":"product_tag-paisagismo","13":"product_tag-planta","14":"product_tag-vaso","16":"first","17":"instock","18":"shipping-taxable","19":"product-type-variable"},"_links":{"self":[{"href":"http:\/\/gustavoassisceramicas.com.br\/en\/wp-json\/wp\/v2\/product\/13298","targetHints":{"allow":["GET"]}}],"collection":[{"href":"http:\/\/gustavoassisceramicas.com.br\/en\/wp-json\/wp\/v2\/product"}],"about":[{"href":"http:\/\/gustavoassisceramicas.com.br\/en\/wp-json\/wp\/v2\/types\/product"}],"replies":[{"embeddable":true,"href":"http:\/\/gustavoassisceramicas.com.br\/en\/wp-json\/wp\/v2\/comments?post=13298"}],"wp:featuredmedia":[{"embeddable":true,"href":"http:\/\/gustavoassisceramicas.com.br\/en\/wp-json\/wp\/v2\/media\/15628"}],"wp:attachment":[{"href":"http:\/\/gustavoassisceramicas.com.br\/en\/wp-json\/wp\/v2\/media?parent=13298"}],"wp:term":[{"taxonomy":"product_brand","embeddable":true,"href":"http:\/\/gustavoassisceramicas.com.br\/en\/wp-json\/wp\/v2\/product_brand?post=13298"},{"taxonomy":"product_cat","embeddable":true,"href":"http:\/\/gustavoassisceramicas.com.br\/en\/wp-json\/wp\/v2\/product_cat?post=13298"},{"taxonomy":"product_tag","embeddable":true,"href":"http:\/\/gustavoassisceramicas.com.br\/en\/wp-json\/wp\/v2\/product_tag?post=13298"}],"curies":[{"name":"wp","href":"https:\/\/api.w.org\/{rel}","templated":true}]}}