{"id":13274,"date":"2021-07-15T11:19:04","date_gmt":"2021-07-15T14:19:04","guid":{"rendered":"https:\/\/gustavoassisceramicas.com.br\/?post_type=product&#038;p=13274"},"modified":"2022-10-29T12:08:19","modified_gmt":"2022-10-29T15:08:19","slug":"conjunto-de-moringa-e-copo-em-terracota","status":"publish","type":"product","link":"http:\/\/gustavoassisceramicas.com.br\/en\/product\/conjunto-de-moringa-e-copo-em-terracota\/","title":{"rendered":"Conjunto de moringa e copo em terracota"},"content":{"rendered":"","protected":false},"excerpt":{"rendered":"<p>Moringa feita no torno em terracota. Por fora, n\u00e3o foi usado esmalte, mostrando a beleza da argila na queima no forno \u00e0 g\u00e1s. Por dentro, foi usado o esmalte branco.<\/p>\n<p>Por conta da n\u00e3o esmalta\u00e7\u00e3o na parte externa, a moringa pode transpirar e recomenda-se o uso de um pratinho (n\u00e3o incluso) se ela estiver em cima de superf\u00edcies que possam manchar com a umidade.<\/p>\n<p>Capacidade aproximada da moringa: 1,2 litros<\/p>\n<p>Peso Aproximado: 1,2 Kg<br \/>\nTamanho da garrafa: 22 cm de altura x 15 cm de di\u00e2metro<br \/>\nTamanho do copo: 8 cm de altura x 9 cm de di\u00e2metro<\/p>","protected":false},"featured_media":15761,"comment_status":"open","ping_status":"closed","template":"","meta":[],"product_brand":[],"product_cat":[242,777,781,162],"product_tag":[425,167,163,164],"class_list":{"0":"post-13274","1":"product","2":"type-product","3":"status-publish","4":"has-post-thumbnail","6":"product_cat-bules","7":"product_cat-colecoes","8":"product_cat-terracota","9":"product_cat-utilitarios","10":"product_tag-agua","11":"product_tag-copo","12":"product_tag-moringa","13":"product_tag-terracota","15":"first","16":"instock","17":"shipping-taxable","18":"product-type-simple"},"_links":{"self":[{"href":"http:\/\/gustavoassisceramicas.com.br\/en\/wp-json\/wp\/v2\/product\/13274","targetHints":{"allow":["GET"]}}],"collection":[{"href":"http:\/\/gustavoassisceramicas.com.br\/en\/wp-json\/wp\/v2\/product"}],"about":[{"href":"http:\/\/gustavoassisceramicas.com.br\/en\/wp-json\/wp\/v2\/types\/product"}],"replies":[{"embeddable":true,"href":"http:\/\/gustavoassisceramicas.com.br\/en\/wp-json\/wp\/v2\/comments?post=13274"}],"wp:featuredmedia":[{"embeddable":true,"href":"http:\/\/gustavoassisceramicas.com.br\/en\/wp-json\/wp\/v2\/media\/15761"}],"wp:attachment":[{"href":"http:\/\/gustavoassisceramicas.com.br\/en\/wp-json\/wp\/v2\/media?parent=13274"}],"wp:term":[{"taxonomy":"product_brand","embeddable":true,"href":"http:\/\/gustavoassisceramicas.com.br\/en\/wp-json\/wp\/v2\/product_brand?post=13274"},{"taxonomy":"product_cat","embeddable":true,"href":"http:\/\/gustavoassisceramicas.com.br\/en\/wp-json\/wp\/v2\/product_cat?post=13274"},{"taxonomy":"product_tag","embeddable":true,"href":"http:\/\/gustavoassisceramicas.com.br\/en\/wp-json\/wp\/v2\/product_tag?post=13274"}],"curies":[{"name":"wp","href":"https:\/\/api.w.org\/{rel}","templated":true}]}}