{"id":13272,"date":"2021-07-15T10:41:37","date_gmt":"2021-07-15T13:41:37","guid":{"rendered":"https:\/\/gustavoassisceramicas.com.br\/?post_type=product&#038;p=13272"},"modified":"2022-10-13T19:16:27","modified_gmt":"2022-10-13T22:16:27","slug":"xicara-de-cafe-em-celadon-bege","status":"publish","type":"product","link":"http:\/\/gustavoassisceramicas.com.br\/en\/product\/xicara-de-cafe-em-celadon-bege\/","title":{"rendered":"X\u00edcara de caf\u00e9 em celadon"},"content":{"rendered":"","protected":false},"excerpt":{"rendered":"<p>X\u00edcara em esmalte celadon<\/p>\n<p>Delicada x\u00edcara de cafezinho com esmalte celadon na cor bege ou verde.<br \/>\nSuper leve e gostosa de usar. Feita no torno \u00e0 m\u00e3o. Pe\u00e7a \u00fanica.<br \/>\nAcompanha pratinho.<br \/>\nPode ser levado ao micro-ondas e m\u00e1quina de lavar lou\u00e7as.<\/p>\n<p>Dimens\u00f5es aproximadas (Altura x Di\u00e2metro): pires: 2 x 10,5 cm \/ x\u00edcara: 7 x 7 cm<\/p>\n<p>Peso total aproximado: 220 gramas<\/p>","protected":false},"featured_media":15601,"comment_status":"open","ping_status":"closed","template":"","meta":[],"product_brand":[],"product_cat":[778,777,162,182],"product_tag":[170,173,169],"class_list":{"0":"post-13272","1":"product","2":"type-product","3":"status-publish","4":"has-post-thumbnail","6":"product_cat-celadon","7":"product_cat-colecoes","8":"product_cat-utilitarios","9":"product_cat-xicaras-canecas-e-copos","10":"product_tag-cafe","11":"product_tag-celadon","12":"product_tag-xicara","14":"first","15":"instock","16":"shipping-taxable","17":"product-type-variable"},"_links":{"self":[{"href":"http:\/\/gustavoassisceramicas.com.br\/en\/wp-json\/wp\/v2\/product\/13272","targetHints":{"allow":["GET"]}}],"collection":[{"href":"http:\/\/gustavoassisceramicas.com.br\/en\/wp-json\/wp\/v2\/product"}],"about":[{"href":"http:\/\/gustavoassisceramicas.com.br\/en\/wp-json\/wp\/v2\/types\/product"}],"replies":[{"embeddable":true,"href":"http:\/\/gustavoassisceramicas.com.br\/en\/wp-json\/wp\/v2\/comments?post=13272"}],"wp:featuredmedia":[{"embeddable":true,"href":"http:\/\/gustavoassisceramicas.com.br\/en\/wp-json\/wp\/v2\/media\/15601"}],"wp:attachment":[{"href":"http:\/\/gustavoassisceramicas.com.br\/en\/wp-json\/wp\/v2\/media?parent=13272"}],"wp:term":[{"taxonomy":"product_brand","embeddable":true,"href":"http:\/\/gustavoassisceramicas.com.br\/en\/wp-json\/wp\/v2\/product_brand?post=13272"},{"taxonomy":"product_cat","embeddable":true,"href":"http:\/\/gustavoassisceramicas.com.br\/en\/wp-json\/wp\/v2\/product_cat?post=13272"},{"taxonomy":"product_tag","embeddable":true,"href":"http:\/\/gustavoassisceramicas.com.br\/en\/wp-json\/wp\/v2\/product_tag?post=13272"}],"curies":[{"name":"wp","href":"https:\/\/api.w.org\/{rel}","templated":true}]}}