{"id":13253,"date":"2021-07-14T16:14:02","date_gmt":"2021-07-14T19:14:02","guid":{"rendered":"https:\/\/gustavoassisceramicas.com.br\/?post_type=product&#038;p=13253"},"modified":"2022-10-10T17:52:10","modified_gmt":"2022-10-10T20:52:10","slug":"conjunto-de-bule-e-2-copos-de-cha","status":"publish","type":"product","link":"http:\/\/gustavoassisceramicas.com.br\/en\/product\/conjunto-de-bule-e-2-copos-de-cha\/","title":{"rendered":"Conjunto de Bule e 2 copos de ch\u00e1"},"content":{"rendered":"","protected":false},"excerpt":{"rendered":"<p>Conjunto de bule e 2 copos de ch\u00e1<\/p>\n<p>Bule com filtro embutido para folhas soltas todo feito \u00e0 m\u00e3o e queimado em forno \u00e0 g\u00e1s. Acompanha 2 copos de tomar ch\u00e1, ou yunomi.<\/p>\n<p>Peso do Bule:830 g<br \/>\nPeso do Copo: 230 g<\/p>\n<p>Medida do Bule: 19 cm de di\u00e2metro x 16 cm de altura<br \/>\nMedida do Copo: 7 cm de di\u00e2metro x 9 cm de altura<\/p>","protected":false},"featured_media":15593,"comment_status":"open","ping_status":"closed","template":"","meta":[],"product_brand":[],"product_cat":[242,778,777,162],"product_tag":[243,173,171,419,167],"class_list":{"0":"post-13253","1":"product","2":"type-product","3":"status-publish","4":"has-post-thumbnail","6":"product_cat-bules","7":"product_cat-celadon","8":"product_cat-colecoes","9":"product_cat-utilitarios","10":"product_tag-bule","11":"product_tag-celadon","12":"product_tag-cha","13":"product_tag-conjunto","14":"product_tag-copo","16":"first","17":"instock","18":"shipping-taxable","19":"product-type-simple"},"_links":{"self":[{"href":"http:\/\/gustavoassisceramicas.com.br\/en\/wp-json\/wp\/v2\/product\/13253","targetHints":{"allow":["GET"]}}],"collection":[{"href":"http:\/\/gustavoassisceramicas.com.br\/en\/wp-json\/wp\/v2\/product"}],"about":[{"href":"http:\/\/gustavoassisceramicas.com.br\/en\/wp-json\/wp\/v2\/types\/product"}],"replies":[{"embeddable":true,"href":"http:\/\/gustavoassisceramicas.com.br\/en\/wp-json\/wp\/v2\/comments?post=13253"}],"wp:featuredmedia":[{"embeddable":true,"href":"http:\/\/gustavoassisceramicas.com.br\/en\/wp-json\/wp\/v2\/media\/15593"}],"wp:attachment":[{"href":"http:\/\/gustavoassisceramicas.com.br\/en\/wp-json\/wp\/v2\/media?parent=13253"}],"wp:term":[{"taxonomy":"product_brand","embeddable":true,"href":"http:\/\/gustavoassisceramicas.com.br\/en\/wp-json\/wp\/v2\/product_brand?post=13253"},{"taxonomy":"product_cat","embeddable":true,"href":"http:\/\/gustavoassisceramicas.com.br\/en\/wp-json\/wp\/v2\/product_cat?post=13253"},{"taxonomy":"product_tag","embeddable":true,"href":"http:\/\/gustavoassisceramicas.com.br\/en\/wp-json\/wp\/v2\/product_tag?post=13253"}],"curies":[{"name":"wp","href":"https:\/\/api.w.org\/{rel}","templated":true}]}}