{"id":13243,"date":"2021-07-14T14:51:18","date_gmt":"2021-07-14T17:51:18","guid":{"rendered":"https:\/\/gustavoassisceramicas.com.br\/?post_type=product&#038;p=13243"},"modified":"2023-10-02T11:24:24","modified_gmt":"2023-10-02T14:24:24","slug":"conjunto-de-4-pratos-de-sobremesa-em-celadon","status":"publish","type":"product","link":"http:\/\/gustavoassisceramicas.com.br\/en\/product\/conjunto-de-4-pratos-de-sobremesa-em-celadon\/","title":{"rendered":"Pratos de sobremesa em celadon"},"content":{"rendered":"","protected":false},"excerpt":{"rendered":"<p>Pratos de sobremesa em esmalte celadon<\/p>\n<p>Pratos feitos no torno com argila formulada no nosso ateli\u00ea com esmalte celadon. Dependendo das condi\u00e7\u00f5es do forno, apresentam tonalidades diferentes. Apresenta craquelado do esmalte, que no caso do esmalte celadon \u00e9 um aspecto valorizado.<\/p>\n<p>Foram agrupados os pratos com tonalidades semelhantes nas tonalidades de azul claro e bege.<\/p>\n<p>Peso Aproximado (de cada prato): 390 g<br \/>\nTamanho Aproximado (de cada prato): 18 cm de di\u00e2metro x 4 cm de altura<\/p>","protected":false},"featured_media":15530,"comment_status":"open","ping_status":"closed","template":"","meta":[],"product_brand":[],"product_cat":[778,777,184,162],"product_tag":[],"class_list":{"0":"post-13243","1":"product","2":"type-product","3":"status-publish","4":"has-post-thumbnail","6":"product_cat-celadon","7":"product_cat-colecoes","8":"product_cat-pratos","9":"product_cat-utilitarios","11":"first","12":"instock","13":"shipping-taxable","14":"product-type-variable"},"_links":{"self":[{"href":"http:\/\/gustavoassisceramicas.com.br\/en\/wp-json\/wp\/v2\/product\/13243","targetHints":{"allow":["GET"]}}],"collection":[{"href":"http:\/\/gustavoassisceramicas.com.br\/en\/wp-json\/wp\/v2\/product"}],"about":[{"href":"http:\/\/gustavoassisceramicas.com.br\/en\/wp-json\/wp\/v2\/types\/product"}],"replies":[{"embeddable":true,"href":"http:\/\/gustavoassisceramicas.com.br\/en\/wp-json\/wp\/v2\/comments?post=13243"}],"wp:featuredmedia":[{"embeddable":true,"href":"http:\/\/gustavoassisceramicas.com.br\/en\/wp-json\/wp\/v2\/media\/15530"}],"wp:attachment":[{"href":"http:\/\/gustavoassisceramicas.com.br\/en\/wp-json\/wp\/v2\/media?parent=13243"}],"wp:term":[{"taxonomy":"product_brand","embeddable":true,"href":"http:\/\/gustavoassisceramicas.com.br\/en\/wp-json\/wp\/v2\/product_brand?post=13243"},{"taxonomy":"product_cat","embeddable":true,"href":"http:\/\/gustavoassisceramicas.com.br\/en\/wp-json\/wp\/v2\/product_cat?post=13243"},{"taxonomy":"product_tag","embeddable":true,"href":"http:\/\/gustavoassisceramicas.com.br\/en\/wp-json\/wp\/v2\/product_tag?post=13243"}],"curies":[{"name":"wp","href":"https:\/\/api.w.org\/{rel}","templated":true}]}}