{"id":13154,"date":"2020-09-28T22:40:39","date_gmt":"2020-09-29T01:40:39","guid":{"rendered":"https:\/\/gustavoassisceramicas.com.br\/?post_type=product&#038;p=13154"},"modified":"2024-03-04T16:00:01","modified_gmt":"2024-03-04T19:00:01","slug":"tigela-media-em-celadon","status":"publish","type":"product","link":"http:\/\/gustavoassisceramicas.com.br\/en\/product\/tigela-media-em-celadon\/","title":{"rendered":"Tigela M\u00e9dia em Celadon com duas Cores"},"content":{"rendered":"","protected":false},"excerpt":{"rendered":"<p>Tigela M\u00e9dia em Celadon<\/p>\n<p>Tigela torneada \u00e0 m\u00e3o em argila creme. Por causa de seu conte\u00fado maior de ferro, ela tinge o esmalte aplicado, o celadon, com tonalidades que v\u00e3o desde o bege at\u00e9 o azul esverdeado.<\/p>\n<p>Peso Aprox.: 440 gr.<br \/>\nTamanho Aprox.: 16 cm de di\u00e2metro x 8 cm de altura<\/p>","protected":false},"featured_media":15611,"comment_status":"open","ping_status":"closed","template":"","meta":[],"product_brand":[],"product_cat":[778,777,184,162],"product_tag":[192,173,323,191],"class_list":{"0":"post-13154","1":"product","2":"type-product","3":"status-publish","4":"has-post-thumbnail","6":"product_cat-celadon","7":"product_cat-colecoes","8":"product_cat-pratos","9":"product_cat-utilitarios","10":"product_tag-bowl","11":"product_tag-celadon","12":"product_tag-creme","13":"product_tag-tigela","15":"first","16":"instock","17":"shipping-taxable","18":"product-type-variable"},"_links":{"self":[{"href":"http:\/\/gustavoassisceramicas.com.br\/en\/wp-json\/wp\/v2\/product\/13154","targetHints":{"allow":["GET"]}}],"collection":[{"href":"http:\/\/gustavoassisceramicas.com.br\/en\/wp-json\/wp\/v2\/product"}],"about":[{"href":"http:\/\/gustavoassisceramicas.com.br\/en\/wp-json\/wp\/v2\/types\/product"}],"replies":[{"embeddable":true,"href":"http:\/\/gustavoassisceramicas.com.br\/en\/wp-json\/wp\/v2\/comments?post=13154"}],"wp:featuredmedia":[{"embeddable":true,"href":"http:\/\/gustavoassisceramicas.com.br\/en\/wp-json\/wp\/v2\/media\/15611"}],"wp:attachment":[{"href":"http:\/\/gustavoassisceramicas.com.br\/en\/wp-json\/wp\/v2\/media?parent=13154"}],"wp:term":[{"taxonomy":"product_brand","embeddable":true,"href":"http:\/\/gustavoassisceramicas.com.br\/en\/wp-json\/wp\/v2\/product_brand?post=13154"},{"taxonomy":"product_cat","embeddable":true,"href":"http:\/\/gustavoassisceramicas.com.br\/en\/wp-json\/wp\/v2\/product_cat?post=13154"},{"taxonomy":"product_tag","embeddable":true,"href":"http:\/\/gustavoassisceramicas.com.br\/en\/wp-json\/wp\/v2\/product_tag?post=13154"}],"curies":[{"name":"wp","href":"https:\/\/api.w.org\/{rel}","templated":true}]}}