{"id":13146,"date":"2020-09-28T18:30:58","date_gmt":"2020-09-28T21:30:58","guid":{"rendered":"https:\/\/gustavoassisceramicas.com.br\/?post_type=product&#038;p=13146"},"modified":"2022-07-13T15:23:56","modified_gmt":"2022-07-13T18:23:56","slug":"vaso-de-parede-em-raku","status":"publish","type":"product","link":"http:\/\/gustavoassisceramicas.com.br\/en\/product\/vaso-de-parede-em-raku\/","title":{"rendered":"Vaso de parede em Raku"},"content":{"rendered":"","protected":false},"excerpt":{"rendered":"<p>Vaso em Raku de parede<\/p>\n<p>Vasinho decorativo feito com argila faian\u00e7a queimado com esmalte verde na t\u00e9cnica tradicional japonesa de Raku &#8211; a pe\u00e7a \u00e9 retirada do forno \u00e0 1.000\u00baC e resfriada rapidamente, imprimindo efeitos \u00fanicos.<\/p>\n<p>A pe\u00e7a apresenta um furo para ser fixada na parede e um prato para captar a \u00e1gua de rega das plantas.<\/p>\n<p>Dimens\u00f5es Aprox.: larg. x prof. x altura (12 x 11 x 9 cm)<br \/>\nPeso Aproximado: 356 gr<\/p>","protected":false},"featured_media":13147,"comment_status":"open","ping_status":"closed","template":"","meta":[],"product_brand":[],"product_cat":[176,346],"product_tag":[356,407,190,260,262],"class_list":{"0":"post-13146","1":"product","2":"type-product","3":"status-publish","4":"has-post-thumbnail","6":"product_cat-decorativas","7":"product_cat-vasos","8":"product_tag-faianca","9":"product_tag-parede","10":"product_tag-planta","11":"product_tag-raku","12":"product_tag-verde","14":"first","15":"instock","16":"shipping-taxable","17":"product-type-simple"},"_links":{"self":[{"href":"http:\/\/gustavoassisceramicas.com.br\/en\/wp-json\/wp\/v2\/product\/13146","targetHints":{"allow":["GET"]}}],"collection":[{"href":"http:\/\/gustavoassisceramicas.com.br\/en\/wp-json\/wp\/v2\/product"}],"about":[{"href":"http:\/\/gustavoassisceramicas.com.br\/en\/wp-json\/wp\/v2\/types\/product"}],"replies":[{"embeddable":true,"href":"http:\/\/gustavoassisceramicas.com.br\/en\/wp-json\/wp\/v2\/comments?post=13146"}],"wp:featuredmedia":[{"embeddable":true,"href":"http:\/\/gustavoassisceramicas.com.br\/en\/wp-json\/wp\/v2\/media\/13147"}],"wp:attachment":[{"href":"http:\/\/gustavoassisceramicas.com.br\/en\/wp-json\/wp\/v2\/media?parent=13146"}],"wp:term":[{"taxonomy":"product_brand","embeddable":true,"href":"http:\/\/gustavoassisceramicas.com.br\/en\/wp-json\/wp\/v2\/product_brand?post=13146"},{"taxonomy":"product_cat","embeddable":true,"href":"http:\/\/gustavoassisceramicas.com.br\/en\/wp-json\/wp\/v2\/product_cat?post=13146"},{"taxonomy":"product_tag","embeddable":true,"href":"http:\/\/gustavoassisceramicas.com.br\/en\/wp-json\/wp\/v2\/product_tag?post=13146"}],"curies":[{"name":"wp","href":"https:\/\/api.w.org\/{rel}","templated":true}]}}