{"id":13123,"date":"2020-09-28T10:27:42","date_gmt":"2020-09-28T13:27:42","guid":{"rendered":"https:\/\/gustavoassisceramicas.com.br\/?post_type=product&#038;p=13123"},"modified":"2024-01-02T18:21:12","modified_gmt":"2024-01-02T21:21:12","slug":"tigela-de-cha-em-cobre-verde","status":"publish","type":"product","link":"http:\/\/gustavoassisceramicas.com.br\/en\/product\/tigela-de-cha-em-cobre-verde\/","title":{"rendered":"Tigela de ch\u00e1 pequena em Sangue de boi"},"content":{"rendered":"","protected":false},"excerpt":{"rendered":"<p>Tigela de ch\u00e1 em esmalte de cobre<\/p>\n<p>Tigela para tomar ch\u00e1 (chawan) torneada \u00e0 m\u00e3o em porcelana e coberta por esmalte \u00e0 base de cobre queimada em forno \u00e0 g\u00e1s. Dependendo da condi\u00e7\u00e3o de queima, ela adquiriu cor verde, verde com manchas vermelhas e vermelha.<\/p>\n<p>Pr\u00f3pria para degusta\u00e7\u00e3o de ch\u00e1s, principalmente os orientais, como sencha, oolong, genmaicha, etc&#8230;<\/p>\n<p>Os craquelados na pe\u00e7a s\u00e3o decorativos. Pode ser levado ao microondas e m\u00e1quina de lavar lou\u00e7as.<\/p>\n<p>Peso aproximado: 300 gr<br \/>\nDimens\u00f5es aproximadas: 11,5 cm de di\u00e2metro x 7 cm de altura<\/p>","protected":false},"featured_media":15995,"comment_status":"open","ping_status":"closed","template":"","meta":[],"product_brand":[],"product_cat":[777,184,779,162],"product_tag":[171,401,402,191,262],"class_list":{"0":"post-13123","1":"product","2":"type-product","3":"status-publish","4":"has-post-thumbnail","6":"product_cat-colecoes","7":"product_cat-pratos","8":"product_cat-sangue-de-boi","9":"product_cat-utilitarios","10":"product_tag-cha","11":"product_tag-chawan","12":"product_tag-cobre","13":"product_tag-tigela","14":"product_tag-verde","16":"first","17":"instock","18":"shipping-taxable","19":"product-type-variable"},"_links":{"self":[{"href":"http:\/\/gustavoassisceramicas.com.br\/en\/wp-json\/wp\/v2\/product\/13123","targetHints":{"allow":["GET"]}}],"collection":[{"href":"http:\/\/gustavoassisceramicas.com.br\/en\/wp-json\/wp\/v2\/product"}],"about":[{"href":"http:\/\/gustavoassisceramicas.com.br\/en\/wp-json\/wp\/v2\/types\/product"}],"replies":[{"embeddable":true,"href":"http:\/\/gustavoassisceramicas.com.br\/en\/wp-json\/wp\/v2\/comments?post=13123"}],"wp:featuredmedia":[{"embeddable":true,"href":"http:\/\/gustavoassisceramicas.com.br\/en\/wp-json\/wp\/v2\/media\/15995"}],"wp:attachment":[{"href":"http:\/\/gustavoassisceramicas.com.br\/en\/wp-json\/wp\/v2\/media?parent=13123"}],"wp:term":[{"taxonomy":"product_brand","embeddable":true,"href":"http:\/\/gustavoassisceramicas.com.br\/en\/wp-json\/wp\/v2\/product_brand?post=13123"},{"taxonomy":"product_cat","embeddable":true,"href":"http:\/\/gustavoassisceramicas.com.br\/en\/wp-json\/wp\/v2\/product_cat?post=13123"},{"taxonomy":"product_tag","embeddable":true,"href":"http:\/\/gustavoassisceramicas.com.br\/en\/wp-json\/wp\/v2\/product_tag?post=13123"}],"curies":[{"name":"wp","href":"https:\/\/api.w.org\/{rel}","templated":true}]}}