{"id":13118,"date":"2020-09-27T22:32:49","date_gmt":"2020-09-28T01:32:49","guid":{"rendered":"https:\/\/gustavoassisceramicas.com.br\/?post_type=product&#038;p=13118"},"modified":"2022-07-13T15:11:33","modified_gmt":"2022-07-13T18:11:33","slug":"bowl-grande-com-listra-verde","status":"publish","type":"product","link":"http:\/\/gustavoassisceramicas.com.br\/en\/product\/bowl-grande-com-listra-verde\/","title":{"rendered":"Bowl Grande com Listra Verde"},"content":{"rendered":"","protected":false},"excerpt":{"rendered":"<p>Tigela Grande com borda verde<\/p>\n<p>Pe\u00e7a torneada \u00e0 m\u00e3o e aplicada pigmento verde (engobe) na parte externa. Por dentro, foi aplicado esmalte branco. Queimado no forno \u00e0 g\u00e1s em alta temperatura.<\/p>\n<p>Pode ir ao forno, microondas e m\u00e1quina de lavar lou\u00e7as.<\/p>\n<p>Peso aproximado: 1,5 Kg<br \/>\nTamanho aproximado: 24 cm de di\u00e2metro x 18 cm altura<\/p>","protected":false},"featured_media":14208,"comment_status":"open","ping_status":"closed","template":"","meta":[],"product_brand":[],"product_cat":[184,162],"product_tag":[172,316,347,262],"class_list":{"0":"post-13118","1":"product","2":"type-product","3":"status-publish","4":"has-post-thumbnail","6":"product_cat-pratos","7":"product_cat-utilitarios","8":"product_tag-branco","9":"product_tag-engobe","10":"product_tag-tabaco","11":"product_tag-verde","13":"first","14":"instock","15":"shipping-taxable","16":"product-type-simple"},"_links":{"self":[{"href":"http:\/\/gustavoassisceramicas.com.br\/en\/wp-json\/wp\/v2\/product\/13118","targetHints":{"allow":["GET"]}}],"collection":[{"href":"http:\/\/gustavoassisceramicas.com.br\/en\/wp-json\/wp\/v2\/product"}],"about":[{"href":"http:\/\/gustavoassisceramicas.com.br\/en\/wp-json\/wp\/v2\/types\/product"}],"replies":[{"embeddable":true,"href":"http:\/\/gustavoassisceramicas.com.br\/en\/wp-json\/wp\/v2\/comments?post=13118"}],"wp:featuredmedia":[{"embeddable":true,"href":"http:\/\/gustavoassisceramicas.com.br\/en\/wp-json\/wp\/v2\/media\/14208"}],"wp:attachment":[{"href":"http:\/\/gustavoassisceramicas.com.br\/en\/wp-json\/wp\/v2\/media?parent=13118"}],"wp:term":[{"taxonomy":"product_brand","embeddable":true,"href":"http:\/\/gustavoassisceramicas.com.br\/en\/wp-json\/wp\/v2\/product_brand?post=13118"},{"taxonomy":"product_cat","embeddable":true,"href":"http:\/\/gustavoassisceramicas.com.br\/en\/wp-json\/wp\/v2\/product_cat?post=13118"},{"taxonomy":"product_tag","embeddable":true,"href":"http:\/\/gustavoassisceramicas.com.br\/en\/wp-json\/wp\/v2\/product_tag?post=13118"}],"curies":[{"name":"wp","href":"https:\/\/api.w.org\/{rel}","templated":true}]}}