{"id":12664,"date":"2020-05-12T21:45:54","date_gmt":"2020-05-13T00:45:54","guid":{"rendered":"https:\/\/gustavoassisceramicas.com.br\/?post_type=product&#038;p=12664"},"modified":"2022-07-13T15:19:43","modified_gmt":"2022-07-13T18:19:43","slug":"xicara-em-majolica-e-desenho-azul","status":"publish","type":"product","link":"http:\/\/gustavoassisceramicas.com.br\/en\/product\/xicara-em-majolica-e-desenho-azul\/","title":{"rendered":"Caneca em Maj\u00f3lica e desenho azul"},"content":{"rendered":"","protected":false},"excerpt":{"rendered":"<p>Canecas com desenhos em azul e esmaltado em branco por fora e azul no interior.<\/p>\n<p>Produto queimado no forno \u00e0 g\u00e1s at\u00e9 1.050\u00ba C<\/p>\n<p>Dimens\u00f5es aproximadas: di\u00e2metro x altura (6,5 x 6,5 cm)<\/p>\n<p>Peso m\u00e9dio: 110 gr<\/p>","protected":false},"featured_media":14935,"comment_status":"open","ping_status":"closed","template":"","meta":[],"product_brand":[],"product_cat":[162,182],"product_tag":[240,305,304],"class_list":{"0":"post-12664","1":"product","2":"type-product","3":"status-publish","4":"has-post-thumbnail","6":"product_cat-utilitarios","7":"product_cat-xicaras-canecas-e-copos","8":"product_tag-azul","9":"product_tag-desenho","10":"product_tag-majolica","12":"first","13":"instock","14":"shipping-taxable","15":"product-type-variable"},"_links":{"self":[{"href":"http:\/\/gustavoassisceramicas.com.br\/en\/wp-json\/wp\/v2\/product\/12664","targetHints":{"allow":["GET"]}}],"collection":[{"href":"http:\/\/gustavoassisceramicas.com.br\/en\/wp-json\/wp\/v2\/product"}],"about":[{"href":"http:\/\/gustavoassisceramicas.com.br\/en\/wp-json\/wp\/v2\/types\/product"}],"replies":[{"embeddable":true,"href":"http:\/\/gustavoassisceramicas.com.br\/en\/wp-json\/wp\/v2\/comments?post=12664"}],"wp:featuredmedia":[{"embeddable":true,"href":"http:\/\/gustavoassisceramicas.com.br\/en\/wp-json\/wp\/v2\/media\/14935"}],"wp:attachment":[{"href":"http:\/\/gustavoassisceramicas.com.br\/en\/wp-json\/wp\/v2\/media?parent=12664"}],"wp:term":[{"taxonomy":"product_brand","embeddable":true,"href":"http:\/\/gustavoassisceramicas.com.br\/en\/wp-json\/wp\/v2\/product_brand?post=12664"},{"taxonomy":"product_cat","embeddable":true,"href":"http:\/\/gustavoassisceramicas.com.br\/en\/wp-json\/wp\/v2\/product_cat?post=12664"},{"taxonomy":"product_tag","embeddable":true,"href":"http:\/\/gustavoassisceramicas.com.br\/en\/wp-json\/wp\/v2\/product_tag?post=12664"}],"curies":[{"name":"wp","href":"https:\/\/api.w.org\/{rel}","templated":true}]}}